{"id":9,"date":"2013-03-17T20:30:54","date_gmt":"2013-03-17T23:30:54","guid":{"rendered":"http:\/\/www.reabilite-se.com\/site\/?page_id=9"},"modified":"2023-01-27T19:56:42","modified_gmt":"2023-01-27T22:56:42","slug":"servicos","status":"publish","type":"page","link":"https:\/\/www.reabilite-se.com\/site\/servicos\/","title":{"rendered":"Servi\u00e7os Oferecidos"},"content":{"rendered":"<p>&nbsp;<\/p>\n<p>&nbsp;<\/p>\n<p>Buscando o sucesso na reabilita\u00e7\u00e3o dos nossos pacientes, al\u00e9m da aplica\u00e7\u00e3o da laserterapia de baixa intensidade, nosso consult\u00f3rio disp\u00f5e de diversos recursos terap\u00eauticos na \u00e1rea de eletrotermofototerapia. Para isto, utilizamos equipamentos aferidos periodicamente, atualizados e recomendados cientificamente. Dispomos tamb\u00e9m de uma ampla variedade de recursos cinesioterap\u00eauticos, possibilitando a realiza\u00e7\u00e3o de um trabalho completo e funcional.<\/p>\n<p>Conhe\u00e7a mais:<\/p>\n<ul>\n<li><a title=\"Laserterapia de Baixa Intensidade\" href=\"http:\/\/www.reabilite-se.com\/site\/servicos\/laserterapia-em-fisioterapia\">Laserterapia em Fisioterapia<\/a><\/li>\n<li><a title=\"Laserterapia em Feridas\" href=\"http:\/\/www.reabilite-se.com\/site\/servicos\/laserterapia-em-feridas\/\">Laserterapia em Feridas<\/a><\/li>\n<li><a title=\"Cinesioterapia\" href=\"http:\/\/www.reabilite-se.com\/site\/servicos\/cinesioterapia\/\">Cinesioterapia<\/a><\/li>\n<li><a title=\"Terapia Manual\" href=\"http:\/\/www.reabilite-se.com\/site\/servicos\/terapia-manual\/\">Terapia Manual<\/a><\/li>\n<li><a href=\"http:\/\/www.reabilite-se.com\/site\/servicos\/fisioterapia-domiciliar\/\">Fisioterapia Domiciliar<\/a><\/li>\n<\/ul>\n<p>&nbsp;<\/p>\n","protected":false},"excerpt":{"rendered":"<p>&nbsp; &nbsp; Buscando o sucesso na reabilita\u00e7\u00e3o dos nossos pacientes, al\u00e9m da aplica\u00e7\u00e3o da laserterapia de baixa intensidade, nosso consult\u00f3rio disp\u00f5e de diversos recursos terap\u00eauticos na \u00e1rea de eletrotermofototerapia. Para isto, utilizamos equipamentos aferidos periodicamente, atualizados e recomendados cientificamente. Dispomos<span class=\"excerpt-hellip\"> [\u2026]<\/span><\/p>\n","protected":false},"author":1,"featured_media":0,"parent":0,"menu_order":0,"comment_status":"closed","ping_status":"closed","template":"","meta":[],"yoast_head":"<!-- This site is optimized with the Yoast SEO plugin v20.0 - https:\/\/yoast.com\/wordpress\/plugins\/seo\/ -->\n<title>Servi\u00e7os Oferecidos - Reabilite-se Fisioterapia<\/title>\n<meta name=\"robots\" content=\"index, follow, max-snippet:-1, max-image-preview:large, max-video-preview:-1\" \/>\n<link rel=\"canonical\" href=\"https:\/\/www.reabilite-se.com\/site\/servicos\/\" \/>\n<meta property=\"og:locale\" content=\"pt_BR\" \/>\n<meta property=\"og:type\" content=\"article\" \/>\n<meta property=\"og:title\" content=\"Servi\u00e7os Oferecidos - Reabilite-se Fisioterapia\" \/>\n<meta property=\"og:description\" content=\"&nbsp; &nbsp; Buscando o sucesso na reabilita\u00e7\u00e3o dos nossos pacientes, al\u00e9m da aplica\u00e7\u00e3o da laserterapia de baixa intensidade, nosso consult\u00f3rio disp\u00f5e de diversos recursos terap\u00eauticos na \u00e1rea de eletrotermofototerapia. Para isto, utilizamos equipamentos aferidos periodicamente, atualizados e recomendados cientificamente. Dispomos [\u2026]\" \/>\n<meta property=\"og:url\" content=\"https:\/\/www.reabilite-se.com\/site\/servicos\/\" \/>\n<meta property=\"og:site_name\" content=\"Reabilite-se Fisioterapia\" \/>\n<meta property=\"article:modified_time\" content=\"2023-01-27T22:56:42+00:00\" \/>\n<meta name=\"twitter:card\" content=\"summary_large_image\" \/>\n<script type=\"application\/ld+json\" class=\"yoast-schema-graph\">{\"@context\":\"https:\/\/schema.org\",\"@graph\":[{\"@type\":\"WebPage\",\"@id\":\"https:\/\/www.reabilite-se.com\/site\/servicos\/\",\"url\":\"https:\/\/www.reabilite-se.com\/site\/servicos\/\",\"name\":\"Servi\u00e7os Oferecidos - Reabilite-se Fisioterapia\",\"isPartOf\":{\"@id\":\"https:\/\/www.reabilite-se.com\/site\/#website\"},\"datePublished\":\"2013-03-17T23:30:54+00:00\",\"dateModified\":\"2023-01-27T22:56:42+00:00\",\"breadcrumb\":{\"@id\":\"https:\/\/www.reabilite-se.com\/site\/servicos\/#breadcrumb\"},\"inLanguage\":\"pt-BR\",\"potentialAction\":[{\"@type\":\"ReadAction\",\"target\":[\"https:\/\/www.reabilite-se.com\/site\/servicos\/\"]}]},{\"@type\":\"BreadcrumbList\",\"@id\":\"https:\/\/www.reabilite-se.com\/site\/servicos\/#breadcrumb\",\"itemListElement\":[{\"@type\":\"ListItem\",\"position\":1,\"name\":\"In\u00edcio\",\"item\":\"https:\/\/www.reabilite-se.com\/site\/\"},{\"@type\":\"ListItem\",\"position\":2,\"name\":\"Servi\u00e7os Oferecidos\"}]},{\"@type\":\"WebSite\",\"@id\":\"https:\/\/www.reabilite-se.com\/site\/#website\",\"url\":\"https:\/\/www.reabilite-se.com\/site\/\",\"name\":\"Reabilite-se Fisioterapia\",\"description\":\"Consult\u00f3rio de Fisioterapia em Caxias do Sul\",\"potentialAction\":[{\"@type\":\"SearchAction\",\"target\":{\"@type\":\"EntryPoint\",\"urlTemplate\":\"https:\/\/www.reabilite-se.com\/site\/?s={search_term_string}\"},\"query-input\":\"required name=search_term_string\"}],\"inLanguage\":\"pt-BR\"}]}<\/script>\n<!-- \/ Yoast SEO plugin. -->","yoast_head_json":{"title":"Servi\u00e7os Oferecidos - Reabilite-se Fisioterapia","robots":{"index":"index","follow":"follow","max-snippet":"max-snippet:-1","max-image-preview":"max-image-preview:large","max-video-preview":"max-video-preview:-1"},"canonical":"https:\/\/www.reabilite-se.com\/site\/servicos\/","og_locale":"pt_BR","og_type":"article","og_title":"Servi\u00e7os Oferecidos - Reabilite-se Fisioterapia","og_description":"&nbsp; &nbsp; Buscando o sucesso na reabilita\u00e7\u00e3o dos nossos pacientes, al\u00e9m da aplica\u00e7\u00e3o da laserterapia de baixa intensidade, nosso consult\u00f3rio disp\u00f5e de diversos recursos terap\u00eauticos na \u00e1rea de eletrotermofototerapia. Para isto, utilizamos equipamentos aferidos periodicamente, atualizados e recomendados cientificamente. Dispomos [\u2026]","og_url":"https:\/\/www.reabilite-se.com\/site\/servicos\/","og_site_name":"Reabilite-se Fisioterapia","article_modified_time":"2023-01-27T22:56:42+00:00","twitter_card":"summary_large_image","schema":{"@context":"https:\/\/schema.org","@graph":[{"@type":"WebPage","@id":"https:\/\/www.reabilite-se.com\/site\/servicos\/","url":"https:\/\/www.reabilite-se.com\/site\/servicos\/","name":"Servi\u00e7os Oferecidos - Reabilite-se Fisioterapia","isPartOf":{"@id":"https:\/\/www.reabilite-se.com\/site\/#website"},"datePublished":"2013-03-17T23:30:54+00:00","dateModified":"2023-01-27T22:56:42+00:00","breadcrumb":{"@id":"https:\/\/www.reabilite-se.com\/site\/servicos\/#breadcrumb"},"inLanguage":"pt-BR","potentialAction":[{"@type":"ReadAction","target":["https:\/\/www.reabilite-se.com\/site\/servicos\/"]}]},{"@type":"BreadcrumbList","@id":"https:\/\/www.reabilite-se.com\/site\/servicos\/#breadcrumb","itemListElement":[{"@type":"ListItem","position":1,"name":"In\u00edcio","item":"https:\/\/www.reabilite-se.com\/site\/"},{"@type":"ListItem","position":2,"name":"Servi\u00e7os Oferecidos"}]},{"@type":"WebSite","@id":"https:\/\/www.reabilite-se.com\/site\/#website","url":"https:\/\/www.reabilite-se.com\/site\/","name":"Reabilite-se Fisioterapia","description":"Consult\u00f3rio de Fisioterapia em Caxias do Sul","potentialAction":[{"@type":"SearchAction","target":{"@type":"EntryPoint","urlTemplate":"https:\/\/www.reabilite-se.com\/site\/?s={search_term_string}"},"query-input":"required name=search_term_string"}],"inLanguage":"pt-BR"}]}},"_links":{"self":[{"href":"https:\/\/www.reabilite-se.com\/site\/wp-json\/wp\/v2\/pages\/9"}],"collection":[{"href":"https:\/\/www.reabilite-se.com\/site\/wp-json\/wp\/v2\/pages"}],"about":[{"href":"https:\/\/www.reabilite-se.com\/site\/wp-json\/wp\/v2\/types\/page"}],"author":[{"embeddable":true,"href":"https:\/\/www.reabilite-se.com\/site\/wp-json\/wp\/v2\/users\/1"}],"replies":[{"embeddable":true,"href":"https:\/\/www.reabilite-se.com\/site\/wp-json\/wp\/v2\/comments?post=9"}],"version-history":[{"count":6,"href":"https:\/\/www.reabilite-se.com\/site\/wp-json\/wp\/v2\/pages\/9\/revisions"}],"predecessor-version":[{"id":1192,"href":"https:\/\/www.reabilite-se.com\/site\/wp-json\/wp\/v2\/pages\/9\/revisions\/1192"}],"wp:attachment":[{"href":"https:\/\/www.reabilite-se.com\/site\/wp-json\/wp\/v2\/media?parent=9"}],"curies":[{"name":"wp","href":"https:\/\/api.w.org\/{rel}","templated":true}]}}