{"id":7,"date":"2013-03-15T22:50:54","date_gmt":"2013-03-16T01:50:54","guid":{"rendered":"http:\/\/www.reabilite-se.com\/site\/?page_id=7"},"modified":"2023-05-04T21:57:33","modified_gmt":"2023-05-05T00:57:33","slug":"home","status":"publish","type":"page","link":"https:\/\/www.reabilite-se.com\/site\/","title":{"rendered":"Home"},"content":{"rendered":"<h1>Reabilite-se &#8211; Consult\u00f3rio de Fisioterapia<\/h1>\n<h2>Fisioterapia<\/h2>\n<div class=\"column mcb-column two-fifth column_column column-margin-\">\n<div class=\"column_attr clearfix align_justify animate fadeIn\" data-anim-type=\"fadeIn\">Reabilite-se Fisioterapia surgiu do desejo de proporcionar ao p\u00fablico de Caxias do Sul e regi\u00e3o um atendimento fisioterap\u00eautico diferenciado. Objetivando a satisfa\u00e7\u00e3o total dos nossos clientes, todos os atendimentos s\u00e3o realizados de forma individualizada, com total privacidade e conforto, atrav\u00e9s de t\u00e9cnicas e recursos comprovadamente eficazes.<\/div>\n<\/div>\n<div class=\"column mcb-column two-fifth column_column column-margin-\">\n<div class=\"column_attr clearfix align_justify animate fadeIn\" data-anim-type=\"fadeIn\">Oferecemos um plano de tratamento personalizado, de acordo com as necessidades de cada paciente, seja no tratamento ou na preven\u00e7\u00e3o de les\u00f5es.<\/div>\n<div class=\"column_attr clearfix align_justify animate fadeIn\" data-anim-type=\"fadeIn\">Nosso consult\u00f3rio possui f\u00e1cil acesso e est\u00e1 localizado no centro da cidade. Venha nos visitar e conhe\u00e7a nossa proposta ou entre em contato conosco atrav\u00e9s do nosso <a title=\"Contato\" href=\"http:\/\/www.reabilite-se.com\/site\/contato\/\">formul\u00e1rio de contato<\/a>.<\/div>\n<\/div>\n<p><img decoding=\"async\" loading=\"lazy\" class=\"alignleft wp-image-884 size-full\" title=\"Reabilite-se - Consult\u00f3rio de Fisioterapia em Caxias do Sul\" src=\"http:\/\/www.reabilite-se.com\/site\/wp-content\/uploads\/2017\/08\/logo-rvfisio-consultorio-fisioterapia.png\" alt=\"Reabilite-se - Consult\u00f3rio de Fisioterapia em Caxias do Sul\" width=\"468\" height=\"115\" srcset=\"https:\/\/www.reabilite-se.com\/site\/wp-content\/uploads\/2017\/08\/logo-rvfisio-consultorio-fisioterapia.png 468w, https:\/\/www.reabilite-se.com\/site\/wp-content\/uploads\/2017\/08\/logo-rvfisio-consultorio-fisioterapia-300x74.png 300w, https:\/\/www.reabilite-se.com\/site\/wp-content\/uploads\/2017\/08\/logo-rvfisio-consultorio-fisioterapia-260x64.png 260w, https:\/\/www.reabilite-se.com\/site\/wp-content\/uploads\/2017\/08\/logo-rvfisio-consultorio-fisioterapia-50x12.png 50w, https:\/\/www.reabilite-se.com\/site\/wp-content\/uploads\/2017\/08\/logo-rvfisio-consultorio-fisioterapia-150x37.png 150w\" sizes=\"(max-width: 468px) 100vw, 468px\" \/><\/p>\n<p>&nbsp;<\/p>\n","protected":false},"excerpt":{"rendered":"<p>Reabilite-se &#8211; Consult\u00f3rio de Fisioterapia Fisioterapia Reabilite-se Fisioterapia surgiu do desejo de proporcionar ao p\u00fablico de Caxias do Sul e regi\u00e3o um atendimento fisioterap\u00eautico diferenciado. Objetivando a satisfa\u00e7\u00e3o total dos nossos clientes, todos os atendimentos s\u00e3o realizados de forma individualizada,<span class=\"excerpt-hellip\"> [\u2026]<\/span><\/p>\n","protected":false},"author":1,"featured_media":0,"parent":0,"menu_order":0,"comment_status":"closed","ping_status":"closed","template":"","meta":[],"yoast_head":"<!-- This site is optimized with the Yoast SEO plugin v20.0 - https:\/\/yoast.com\/wordpress\/plugins\/seo\/ -->\n<title>Home - Reabilite-se Fisioterapia<\/title>\n<meta name=\"description\" content=\"Consult\u00f3rio de Fisioterapia localizado em Caxias do Sul. Equipe especializada em recursos terap\u00eauticos avan\u00e7ados, com o objetivo de proporcionar um tratamento personalizado e de qualidade. Contato (54) 3419-6555\" \/>\n<meta name=\"robots\" content=\"index, follow, max-snippet:-1, max-image-preview:large, max-video-preview:-1\" \/>\n<link rel=\"canonical\" href=\"https:\/\/www.reabilite-se.com\/site\/\" \/>\n<meta property=\"og:locale\" content=\"pt_BR\" \/>\n<meta property=\"og:type\" content=\"article\" \/>\n<meta property=\"og:title\" content=\"Home - Reabilite-se Fisioterapia\" \/>\n<meta property=\"og:description\" content=\"Consult\u00f3rio de Fisioterapia localizado em Caxias do Sul. Equipe especializada em recursos terap\u00eauticos avan\u00e7ados, com o objetivo de proporcionar um tratamento personalizado e de qualidade. Contato (54) 3419-6555\" \/>\n<meta property=\"og:url\" content=\"https:\/\/www.reabilite-se.com\/site\/\" \/>\n<meta property=\"og:site_name\" content=\"Reabilite-se Fisioterapia\" \/>\n<meta property=\"article:modified_time\" content=\"2023-05-05T00:57:33+00:00\" \/>\n<meta property=\"og:image\" content=\"http:\/\/www.reabilite-se.com\/site\/wp-content\/uploads\/2017\/08\/logo-rvfisio-consultorio-fisioterapia.png\" \/>\n<meta name=\"twitter:card\" content=\"summary_large_image\" \/>\n<meta name=\"twitter:label1\" content=\"Est. tempo de leitura\" \/>\n\t<meta name=\"twitter:data1\" content=\"1 minuto\" \/>\n<script type=\"application\/ld+json\" class=\"yoast-schema-graph\">{\"@context\":\"https:\/\/schema.org\",\"@graph\":[{\"@type\":\"WebPage\",\"@id\":\"https:\/\/www.reabilite-se.com\/site\/\",\"url\":\"https:\/\/www.reabilite-se.com\/site\/\",\"name\":\"Home - Reabilite-se Fisioterapia\",\"isPartOf\":{\"@id\":\"https:\/\/www.reabilite-se.com\/site\/#website\"},\"datePublished\":\"2013-03-16T01:50:54+00:00\",\"dateModified\":\"2023-05-05T00:57:33+00:00\",\"description\":\"Consult\u00f3rio de Fisioterapia localizado em Caxias do Sul. Equipe especializada em recursos terap\u00eauticos avan\u00e7ados, com o objetivo de proporcionar um tratamento personalizado e de qualidade. Contato (54) 3419-6555\",\"breadcrumb\":{\"@id\":\"https:\/\/www.reabilite-se.com\/site\/#breadcrumb\"},\"inLanguage\":\"pt-BR\",\"potentialAction\":[{\"@type\":\"ReadAction\",\"target\":[\"https:\/\/www.reabilite-se.com\/site\/\"]}]},{\"@type\":\"BreadcrumbList\",\"@id\":\"https:\/\/www.reabilite-se.com\/site\/#breadcrumb\",\"itemListElement\":[{\"@type\":\"ListItem\",\"position\":1,\"name\":\"In\u00edcio\",\"item\":\"https:\/\/www.reabilite-se.com\/site\/\"},{\"@type\":\"ListItem\",\"position\":2,\"name\":\"Home\"}]},{\"@type\":\"WebSite\",\"@id\":\"https:\/\/www.reabilite-se.com\/site\/#website\",\"url\":\"https:\/\/www.reabilite-se.com\/site\/\",\"name\":\"Reabilite-se Fisioterapia\",\"description\":\"Consult\u00f3rio de Fisioterapia em Caxias do Sul\",\"potentialAction\":[{\"@type\":\"SearchAction\",\"target\":{\"@type\":\"EntryPoint\",\"urlTemplate\":\"https:\/\/www.reabilite-se.com\/site\/?s={search_term_string}\"},\"query-input\":\"required name=search_term_string\"}],\"inLanguage\":\"pt-BR\"}]}<\/script>\n<!-- \/ Yoast SEO plugin. -->","yoast_head_json":{"title":"Home - Reabilite-se Fisioterapia","description":"Consult\u00f3rio de Fisioterapia localizado em Caxias do Sul. Equipe especializada em recursos terap\u00eauticos avan\u00e7ados, com o objetivo de proporcionar um tratamento personalizado e de qualidade. Contato (54) 3419-6555","robots":{"index":"index","follow":"follow","max-snippet":"max-snippet:-1","max-image-preview":"max-image-preview:large","max-video-preview":"max-video-preview:-1"},"canonical":"https:\/\/www.reabilite-se.com\/site\/","og_locale":"pt_BR","og_type":"article","og_title":"Home - Reabilite-se Fisioterapia","og_description":"Consult\u00f3rio de Fisioterapia localizado em Caxias do Sul. Equipe especializada em recursos terap\u00eauticos avan\u00e7ados, com o objetivo de proporcionar um tratamento personalizado e de qualidade. Contato (54) 3419-6555","og_url":"https:\/\/www.reabilite-se.com\/site\/","og_site_name":"Reabilite-se Fisioterapia","article_modified_time":"2023-05-05T00:57:33+00:00","og_image":[{"url":"http:\/\/www.reabilite-se.com\/site\/wp-content\/uploads\/2017\/08\/logo-rvfisio-consultorio-fisioterapia.png"}],"twitter_card":"summary_large_image","twitter_misc":{"Est. tempo de leitura":"1 minuto"},"schema":{"@context":"https:\/\/schema.org","@graph":[{"@type":"WebPage","@id":"https:\/\/www.reabilite-se.com\/site\/","url":"https:\/\/www.reabilite-se.com\/site\/","name":"Home - Reabilite-se Fisioterapia","isPartOf":{"@id":"https:\/\/www.reabilite-se.com\/site\/#website"},"datePublished":"2013-03-16T01:50:54+00:00","dateModified":"2023-05-05T00:57:33+00:00","description":"Consult\u00f3rio de Fisioterapia localizado em Caxias do Sul. Equipe especializada em recursos terap\u00eauticos avan\u00e7ados, com o objetivo de proporcionar um tratamento personalizado e de qualidade. Contato (54) 3419-6555","breadcrumb":{"@id":"https:\/\/www.reabilite-se.com\/site\/#breadcrumb"},"inLanguage":"pt-BR","potentialAction":[{"@type":"ReadAction","target":["https:\/\/www.reabilite-se.com\/site\/"]}]},{"@type":"BreadcrumbList","@id":"https:\/\/www.reabilite-se.com\/site\/#breadcrumb","itemListElement":[{"@type":"ListItem","position":1,"name":"In\u00edcio","item":"https:\/\/www.reabilite-se.com\/site\/"},{"@type":"ListItem","position":2,"name":"Home"}]},{"@type":"WebSite","@id":"https:\/\/www.reabilite-se.com\/site\/#website","url":"https:\/\/www.reabilite-se.com\/site\/","name":"Reabilite-se Fisioterapia","description":"Consult\u00f3rio de Fisioterapia em Caxias do Sul","potentialAction":[{"@type":"SearchAction","target":{"@type":"EntryPoint","urlTemplate":"https:\/\/www.reabilite-se.com\/site\/?s={search_term_string}"},"query-input":"required name=search_term_string"}],"inLanguage":"pt-BR"}]}},"_links":{"self":[{"href":"https:\/\/www.reabilite-se.com\/site\/wp-json\/wp\/v2\/pages\/7"}],"collection":[{"href":"https:\/\/www.reabilite-se.com\/site\/wp-json\/wp\/v2\/pages"}],"about":[{"href":"https:\/\/www.reabilite-se.com\/site\/wp-json\/wp\/v2\/types\/page"}],"author":[{"embeddable":true,"href":"https:\/\/www.reabilite-se.com\/site\/wp-json\/wp\/v2\/users\/1"}],"replies":[{"embeddable":true,"href":"https:\/\/www.reabilite-se.com\/site\/wp-json\/wp\/v2\/comments?post=7"}],"version-history":[{"count":8,"href":"https:\/\/www.reabilite-se.com\/site\/wp-json\/wp\/v2\/pages\/7\/revisions"}],"predecessor-version":[{"id":1294,"href":"https:\/\/www.reabilite-se.com\/site\/wp-json\/wp\/v2\/pages\/7\/revisions\/1294"}],"wp:attachment":[{"href":"https:\/\/www.reabilite-se.com\/site\/wp-json\/wp\/v2\/media?parent=7"}],"curies":[{"name":"wp","href":"https:\/\/api.w.org\/{rel}","templated":true}]}}