{"id":604,"date":"2016-11-21T19:09:16","date_gmt":"2016-11-21T21:09:16","guid":{"rendered":"http:\/\/www.reabilite-se.com\/site\/?page_id=604"},"modified":"2024-07-30T12:24:03","modified_gmt":"2024-07-30T15:24:03","slug":"fisioterapia-domiciliar","status":"publish","type":"page","link":"https:\/\/www.reabilite-se.com\/site\/servicos\/fisioterapia-domiciliar\/","title":{"rendered":"Fisioterapia Domiciliar"},"content":{"rendered":"\n<div style=\"height:100px\" aria-hidden=\"true\" class=\"wp-block-spacer\"><\/div>\n\n\n\n<div class=\"is-layout-flex wp-container-3 wp-block-columns\">\n<div class=\"is-layout-flow wp-block-column\">\n<p>A fisioterapia domiciliar beneficia pacientes que enfrentam uma incapacidade f\u00edsica tempor\u00e1ria, como em p\u00f3s-operat\u00f3rios, ou permanente, como em doen\u00e7as degenerativas.<\/p>\n\n\n\n<p><strong>Benef\u00edcios da fisioterapia domiciliar:<\/strong><\/p>\n\n\n\n<ul>\n<li>Atendimento individual e personalizado<\/li>\n\n\n\n<li>Flexibilidade de hor\u00e1rio<\/li>\n\n\n\n<li>Maior comodidade e privacidade<\/li>\n\n\n\n<li>Participa\u00e7\u00e3o mais efetiva dos familiares no tratamento<\/li>\n\n\n\n<li>Economia de tempo<\/li>\n<\/ul>\n<\/div>\n\n\n\n<div class=\"is-layout-flow wp-block-column\">\n<figure class=\"wp-block-image size-full\"><a href=\"https:\/\/www.reabilite-se.com\/site\/wp-content\/uploads\/2017\/01\/fisioterapia-domiciliar-post.jpg\"><img decoding=\"async\" loading=\"lazy\" width=\"620\" height=\"416\" src=\"https:\/\/www.reabilite-se.com\/site\/wp-content\/uploads\/2017\/01\/fisioterapia-domiciliar-post.jpg\" alt=\"Fisioterapia a domic\u00edlio traz mais comodidade de atendimento para idosos\" class=\"wp-image-743\" srcset=\"https:\/\/www.reabilite-se.com\/site\/wp-content\/uploads\/2017\/01\/fisioterapia-domiciliar-post.jpg 620w, https:\/\/www.reabilite-se.com\/site\/wp-content\/uploads\/2017\/01\/fisioterapia-domiciliar-post-300x201.jpg 300w, https:\/\/www.reabilite-se.com\/site\/wp-content\/uploads\/2017\/01\/fisioterapia-domiciliar-post-218x146.jpg 218w, https:\/\/www.reabilite-se.com\/site\/wp-content\/uploads\/2017\/01\/fisioterapia-domiciliar-post-50x34.jpg 50w, https:\/\/www.reabilite-se.com\/site\/wp-content\/uploads\/2017\/01\/fisioterapia-domiciliar-post-112x75.jpg 112w\" sizes=\"(max-width: 620px) 100vw, 620px\" \/><\/a><\/figure>\n<\/div>\n<\/div>\n\n\n\n<div style=\"height:100px\" aria-hidden=\"true\" class=\"wp-block-spacer\"><\/div>\n","protected":false},"excerpt":{"rendered":"<p>A fisioterapia domiciliar beneficia pacientes que enfrentam uma incapacidade f\u00edsica tempor\u00e1ria, como em p\u00f3s-operat\u00f3rios, ou permanente, como em doen\u00e7as degenerativas. Benef\u00edcios da fisioterapia domiciliar:<\/p>\n","protected":false},"author":1,"featured_media":0,"parent":9,"menu_order":0,"comment_status":"closed","ping_status":"closed","template":"","meta":[],"yoast_head":"<!-- This site is optimized with the Yoast SEO plugin v20.0 - https:\/\/yoast.com\/wordpress\/plugins\/seo\/ -->\n<title>Fisioterapia Domiciliar - Reabilite-se.com<\/title>\n<meta name=\"description\" content=\"Contamos com uma equipe de fisioterapeutas qualificados, prontos para o atendimento domiciliar. Entre em contato e solicite uma avalia\u00e7\u00e3o.\" \/>\n<meta name=\"robots\" content=\"index, follow, max-snippet:-1, max-image-preview:large, max-video-preview:-1\" \/>\n<link rel=\"canonical\" href=\"https:\/\/www.reabilite-se.com\/site\/servicos\/fisioterapia-domiciliar\/\" \/>\n<meta property=\"og:locale\" content=\"pt_BR\" \/>\n<meta property=\"og:type\" content=\"article\" \/>\n<meta property=\"og:title\" content=\"Fisioterapia Domiciliar - Reabilite-se.com\" \/>\n<meta property=\"og:description\" content=\"Contamos com uma equipe de fisioterapeutas qualificados, prontos para o atendimento domiciliar. Entre em contato e solicite uma avalia\u00e7\u00e3o.\" \/>\n<meta property=\"og:url\" content=\"https:\/\/www.reabilite-se.com\/site\/servicos\/fisioterapia-domiciliar\/\" \/>\n<meta property=\"og:site_name\" content=\"Reabilite-se Fisioterapia\" \/>\n<meta property=\"article:modified_time\" content=\"2024-07-30T15:24:03+00:00\" \/>\n<meta property=\"og:image\" content=\"https:\/\/www.reabilite-se.com\/site\/wp-content\/uploads\/2017\/01\/fisioterapia-domiciliar-post.jpg\" \/>\n<meta name=\"twitter:card\" content=\"summary_large_image\" \/>\n<meta name=\"twitter:label1\" content=\"Est. tempo de leitura\" \/>\n\t<meta name=\"twitter:data1\" content=\"1 minuto\" \/>\n<script type=\"application\/ld+json\" class=\"yoast-schema-graph\">{\"@context\":\"https:\/\/schema.org\",\"@graph\":[{\"@type\":\"WebPage\",\"@id\":\"https:\/\/www.reabilite-se.com\/site\/servicos\/fisioterapia-domiciliar\/\",\"url\":\"https:\/\/www.reabilite-se.com\/site\/servicos\/fisioterapia-domiciliar\/\",\"name\":\"Fisioterapia Domiciliar - Reabilite-se.com\",\"isPartOf\":{\"@id\":\"https:\/\/www.reabilite-se.com\/site\/#website\"},\"datePublished\":\"2016-11-21T21:09:16+00:00\",\"dateModified\":\"2024-07-30T15:24:03+00:00\",\"description\":\"Contamos com uma equipe de fisioterapeutas qualificados, prontos para o atendimento domiciliar. Entre em contato e solicite uma avalia\u00e7\u00e3o.\",\"breadcrumb\":{\"@id\":\"https:\/\/www.reabilite-se.com\/site\/servicos\/fisioterapia-domiciliar\/#breadcrumb\"},\"inLanguage\":\"pt-BR\",\"potentialAction\":[{\"@type\":\"ReadAction\",\"target\":[\"https:\/\/www.reabilite-se.com\/site\/servicos\/fisioterapia-domiciliar\/\"]}]},{\"@type\":\"BreadcrumbList\",\"@id\":\"https:\/\/www.reabilite-se.com\/site\/servicos\/fisioterapia-domiciliar\/#breadcrumb\",\"itemListElement\":[{\"@type\":\"ListItem\",\"position\":1,\"name\":\"In\u00edcio\",\"item\":\"https:\/\/www.reabilite-se.com\/site\/\"},{\"@type\":\"ListItem\",\"position\":2,\"name\":\"Servi\u00e7os Oferecidos\",\"item\":\"https:\/\/www.reabilite-se.com\/site\/servicos\/\"},{\"@type\":\"ListItem\",\"position\":3,\"name\":\"Fisioterapia Domiciliar\"}]},{\"@type\":\"WebSite\",\"@id\":\"https:\/\/www.reabilite-se.com\/site\/#website\",\"url\":\"https:\/\/www.reabilite-se.com\/site\/\",\"name\":\"Reabilite-se Fisioterapia\",\"description\":\"Consult\u00f3rio de Fisioterapia em Caxias do Sul\",\"potentialAction\":[{\"@type\":\"SearchAction\",\"target\":{\"@type\":\"EntryPoint\",\"urlTemplate\":\"https:\/\/www.reabilite-se.com\/site\/?s={search_term_string}\"},\"query-input\":\"required name=search_term_string\"}],\"inLanguage\":\"pt-BR\"}]}<\/script>\n<!-- \/ Yoast SEO plugin. -->","yoast_head_json":{"title":"Fisioterapia Domiciliar - Reabilite-se.com","description":"Contamos com uma equipe de fisioterapeutas qualificados, prontos para o atendimento domiciliar. Entre em contato e solicite uma avalia\u00e7\u00e3o.","robots":{"index":"index","follow":"follow","max-snippet":"max-snippet:-1","max-image-preview":"max-image-preview:large","max-video-preview":"max-video-preview:-1"},"canonical":"https:\/\/www.reabilite-se.com\/site\/servicos\/fisioterapia-domiciliar\/","og_locale":"pt_BR","og_type":"article","og_title":"Fisioterapia Domiciliar - Reabilite-se.com","og_description":"Contamos com uma equipe de fisioterapeutas qualificados, prontos para o atendimento domiciliar. Entre em contato e solicite uma avalia\u00e7\u00e3o.","og_url":"https:\/\/www.reabilite-se.com\/site\/servicos\/fisioterapia-domiciliar\/","og_site_name":"Reabilite-se Fisioterapia","article_modified_time":"2024-07-30T15:24:03+00:00","og_image":[{"url":"https:\/\/www.reabilite-se.com\/site\/wp-content\/uploads\/2017\/01\/fisioterapia-domiciliar-post.jpg"}],"twitter_card":"summary_large_image","twitter_misc":{"Est. tempo de leitura":"1 minuto"},"schema":{"@context":"https:\/\/schema.org","@graph":[{"@type":"WebPage","@id":"https:\/\/www.reabilite-se.com\/site\/servicos\/fisioterapia-domiciliar\/","url":"https:\/\/www.reabilite-se.com\/site\/servicos\/fisioterapia-domiciliar\/","name":"Fisioterapia Domiciliar - Reabilite-se.com","isPartOf":{"@id":"https:\/\/www.reabilite-se.com\/site\/#website"},"datePublished":"2016-11-21T21:09:16+00:00","dateModified":"2024-07-30T15:24:03+00:00","description":"Contamos com uma equipe de fisioterapeutas qualificados, prontos para o atendimento domiciliar. Entre em contato e solicite uma avalia\u00e7\u00e3o.","breadcrumb":{"@id":"https:\/\/www.reabilite-se.com\/site\/servicos\/fisioterapia-domiciliar\/#breadcrumb"},"inLanguage":"pt-BR","potentialAction":[{"@type":"ReadAction","target":["https:\/\/www.reabilite-se.com\/site\/servicos\/fisioterapia-domiciliar\/"]}]},{"@type":"BreadcrumbList","@id":"https:\/\/www.reabilite-se.com\/site\/servicos\/fisioterapia-domiciliar\/#breadcrumb","itemListElement":[{"@type":"ListItem","position":1,"name":"In\u00edcio","item":"https:\/\/www.reabilite-se.com\/site\/"},{"@type":"ListItem","position":2,"name":"Servi\u00e7os Oferecidos","item":"https:\/\/www.reabilite-se.com\/site\/servicos\/"},{"@type":"ListItem","position":3,"name":"Fisioterapia Domiciliar"}]},{"@type":"WebSite","@id":"https:\/\/www.reabilite-se.com\/site\/#website","url":"https:\/\/www.reabilite-se.com\/site\/","name":"Reabilite-se Fisioterapia","description":"Consult\u00f3rio de Fisioterapia em Caxias do Sul","potentialAction":[{"@type":"SearchAction","target":{"@type":"EntryPoint","urlTemplate":"https:\/\/www.reabilite-se.com\/site\/?s={search_term_string}"},"query-input":"required name=search_term_string"}],"inLanguage":"pt-BR"}]}},"_links":{"self":[{"href":"https:\/\/www.reabilite-se.com\/site\/wp-json\/wp\/v2\/pages\/604"}],"collection":[{"href":"https:\/\/www.reabilite-se.com\/site\/wp-json\/wp\/v2\/pages"}],"about":[{"href":"https:\/\/www.reabilite-se.com\/site\/wp-json\/wp\/v2\/types\/page"}],"author":[{"embeddable":true,"href":"https:\/\/www.reabilite-se.com\/site\/wp-json\/wp\/v2\/users\/1"}],"replies":[{"embeddable":true,"href":"https:\/\/www.reabilite-se.com\/site\/wp-json\/wp\/v2\/comments?post=604"}],"version-history":[{"count":18,"href":"https:\/\/www.reabilite-se.com\/site\/wp-json\/wp\/v2\/pages\/604\/revisions"}],"predecessor-version":[{"id":1308,"href":"https:\/\/www.reabilite-se.com\/site\/wp-json\/wp\/v2\/pages\/604\/revisions\/1308"}],"up":[{"embeddable":true,"href":"https:\/\/www.reabilite-se.com\/site\/wp-json\/wp\/v2\/pages\/9"}],"wp:attachment":[{"href":"https:\/\/www.reabilite-se.com\/site\/wp-json\/wp\/v2\/media?parent=604"}],"curies":[{"name":"wp","href":"https:\/\/api.w.org\/{rel}","templated":true}]}}