{"id":22,"date":"2013-03-19T22:30:56","date_gmt":"2013-03-20T01:30:56","guid":{"rendered":"http:\/\/www.reabilite-se.com\/site\/?page_id=22"},"modified":"2024-07-30T12:31:33","modified_gmt":"2024-07-30T15:31:33","slug":"quem-somos","status":"publish","type":"page","link":"https:\/\/www.reabilite-se.com\/site\/quem-somos\/","title":{"rendered":"Quem Somos"},"content":{"rendered":"<p><img decoding=\"async\" loading=\"lazy\" class=\"alignleft wp-image-665 size-full\" src=\"http:\/\/www.reabilite-se.com\/site\/wp-content\/uploads\/2013\/03\/rafael-rossi-fisioterapeuta-rvfisio.jpg\" alt=\"Rafael Paolo Rossi - Fisioterapeuta\" width=\"437\" height=\"265\" srcset=\"https:\/\/www.reabilite-se.com\/site\/wp-content\/uploads\/2013\/03\/rafael-rossi-fisioterapeuta-rvfisio.jpg 437w, https:\/\/www.reabilite-se.com\/site\/wp-content\/uploads\/2013\/03\/rafael-rossi-fisioterapeuta-rvfisio-300x182.jpg 300w, https:\/\/www.reabilite-se.com\/site\/wp-content\/uploads\/2013\/03\/rafael-rossi-fisioterapeuta-rvfisio-241x146.jpg 241w, https:\/\/www.reabilite-se.com\/site\/wp-content\/uploads\/2013\/03\/rafael-rossi-fisioterapeuta-rvfisio-50x30.jpg 50w, https:\/\/www.reabilite-se.com\/site\/wp-content\/uploads\/2013\/03\/rafael-rossi-fisioterapeuta-rvfisio-124x75.jpg 124w\" sizes=\"(max-width: 437px) 100vw, 437px\" \/><\/p>\n<p style=\"text-align: justify;\">Rafael Paolo Rossi \u00e9 fisioterapeuta (CREFITO-5 \/ 147.508-F) graduado pela Universidade de Caxias do Sul (UCS) em 2008, p\u00f3s-graduado em Traumato-Ortopedia Cl\u00ednica e Esportiva pela FisioWork e mestre em Ci\u00eancias pela Universidade de S\u00e3o Paulo (USP). Atua principalmente na reabilita\u00e7\u00e3o ortop\u00e9dica de membros inferiores, com \u00eanfase em joelho e tornozelo. Adquiriu experi\u00eancia cient\u00edfica atrav\u00e9s da participa\u00e7\u00e3o em pesquisas publicadas em peri\u00f3dicos internacionais, tendo como foco a fotobiomodula\u00e7\u00e3o em tendinopatias.<\/p>\n<p style=\"text-align: justify;\">Curr\u00edculo Lattes: <a href=\"http:\/\/lattes.cnpq.br\/2929873340616398\">http:\/\/lattes.cnpq.br\/2929873340616398<\/a><\/p>\n<p><img decoding=\"async\" loading=\"lazy\" class=\"alignleft wp-image-666 size-full\" src=\"http:\/\/www.reabilite-se.com\/site\/wp-content\/uploads\/2013\/03\/vanessa-godoi-fisioterapeuta-rvfisio.jpg\" alt=\"Vanessa Godoi - Fisioterapeuta\" width=\"437\" height=\"265\" srcset=\"https:\/\/www.reabilite-se.com\/site\/wp-content\/uploads\/2013\/03\/vanessa-godoi-fisioterapeuta-rvfisio.jpg 437w, https:\/\/www.reabilite-se.com\/site\/wp-content\/uploads\/2013\/03\/vanessa-godoi-fisioterapeuta-rvfisio-300x182.jpg 300w, https:\/\/www.reabilite-se.com\/site\/wp-content\/uploads\/2013\/03\/vanessa-godoi-fisioterapeuta-rvfisio-241x146.jpg 241w, https:\/\/www.reabilite-se.com\/site\/wp-content\/uploads\/2013\/03\/vanessa-godoi-fisioterapeuta-rvfisio-50x30.jpg 50w, https:\/\/www.reabilite-se.com\/site\/wp-content\/uploads\/2013\/03\/vanessa-godoi-fisioterapeuta-rvfisio-124x75.jpg 124w\" sizes=\"(max-width: 437px) 100vw, 437px\" \/><\/p>\n<p style=\"text-align: justify;\">Vanessa de Godoi \u00e9 fisioterapeuta (CREFITO-5 \/ 144.440-F) graduada pela Universidade de Caxias do Sul (UCS) em 2008, especialista em Fisioterapia Traumato-Ortop\u00e9dica pela ABRAFITO e mestre em Ci\u00eancias pela Universidade de S\u00e3o Paulo (USP). Atua na reabilita\u00e7\u00e3o ortop\u00e9dica com \u00eanfase no complexo do ombro e quadril, bem como fisioterapia geri\u00e1trica. Adquiriu experi\u00eancia cient\u00edfica atrav\u00e9s da participa\u00e7\u00e3o em pesquisas publicadas em peri\u00f3dicos internacionais, tendo como foco a fotobiomodula\u00e7\u00e3o na recupera\u00e7\u00e3o muscular ap\u00f3s exerc\u00edcio e o processo de les\u00e3o muscular em diab\u00e9ticos.<\/p>\n<p style=\"text-align: justify;\">Curr\u00edculo Lattes: <a href=\"http:\/\/lattes.cnpq.br\/7623395318237021\">http:\/\/lattes.cnpq.br\/7623395318237021<\/a><\/p>\n<h3>Onde Estamos<\/h3>\n<p>[column size=&#8221;1-2&#8243; last=&#8221;0&#8243; style=&#8221;1&#8243;]<\/p>\n<p><strong>Endere\u00e7o:<\/strong><br \/>\nAv. J\u00falio de Castilhos, 1511,\u00a0 Sala 75, Centro, Caxias do Sul, RS.<\/p>\n<p><strong>Hor\u00e1rio de funcionamento:<\/strong><br \/>\nDe segunda a sexta, das 8:00 \u00e0s 12:00 e 13:30 \u00e0s 19:30.<\/p>\n<a class=\"button  button_size_3\"  href=\"http:\/\/contato\" style=\"background-color:#00A4BD!important;\" target=\"_blank\"   ><span class=\"button_label\">Button<\/span><\/a>\n\n<p>[\/column]<\/p>\n<p>[column size=&#8221;1-2&#8243; last=&#8221;1&#8243; style=&#8221;1&#8243;]<\/p>\n<p><strong>Mapa de Localiza\u00e7\u00e3o<\/strong><\/p>\n<p>[gmap width=&#8221;500&#8243; height=&#8221;380&#8243; address=&#8221;Av. J\u00falio de Castilhos, 1511, Sala 75, Centro, Caxias do Sul, RS, Brasil&#8221;]<\/p>\n<p>[\/column]<\/p>\n","protected":false},"excerpt":{"rendered":"<p>Rafael Paolo Rossi \u00e9 fisioterapeuta (CREFITO-5 \/ 147.508-F) graduado pela Universidade de Caxias do Sul (UCS) em 2008, p\u00f3s-graduado em Traumato-Ortopedia Cl\u00ednica e Esportiva pela FisioWork e mestre em Ci\u00eancias pela Universidade de S\u00e3o Paulo (USP). Atua principalmente na reabilita\u00e7\u00e3o<span class=\"excerpt-hellip\"> [\u2026]<\/span><\/p>\n","protected":false},"author":1,"featured_media":0,"parent":0,"menu_order":0,"comment_status":"closed","ping_status":"closed","template":"","meta":[],"yoast_head":"<!-- This site is optimized with the Yoast SEO plugin v20.0 - https:\/\/yoast.com\/wordpress\/plugins\/seo\/ -->\n<title>Quem Somos - Reabilite-se Fisioterapia<\/title>\n<meta name=\"robots\" content=\"index, follow, max-snippet:-1, max-image-preview:large, max-video-preview:-1\" \/>\n<link rel=\"canonical\" href=\"https:\/\/www.reabilite-se.com\/site\/quem-somos\/\" \/>\n<meta property=\"og:locale\" content=\"pt_BR\" \/>\n<meta property=\"og:type\" content=\"article\" \/>\n<meta property=\"og:title\" content=\"Quem Somos - Reabilite-se Fisioterapia\" \/>\n<meta property=\"og:description\" content=\"Rafael Paolo Rossi \u00e9 fisioterapeuta (CREFITO-5 \/ 147.508-F) graduado pela Universidade de Caxias do Sul (UCS) em 2008, p\u00f3s-graduado em Traumato-Ortopedia Cl\u00ednica e Esportiva pela FisioWork e mestre em Ci\u00eancias pela Universidade de S\u00e3o Paulo (USP). Atua principalmente na reabilita\u00e7\u00e3o [\u2026]\" \/>\n<meta property=\"og:url\" content=\"https:\/\/www.reabilite-se.com\/site\/quem-somos\/\" \/>\n<meta property=\"og:site_name\" content=\"Reabilite-se Fisioterapia\" \/>\n<meta property=\"article:modified_time\" content=\"2024-07-30T15:31:33+00:00\" \/>\n<meta property=\"og:image\" content=\"http:\/\/www.reabilite-se.com\/site\/wp-content\/uploads\/2013\/03\/rafael-rossi-fisioterapeuta-rvfisio.jpg\" \/>\n<meta name=\"twitter:card\" content=\"summary_large_image\" \/>\n<meta name=\"twitter:label1\" content=\"Est. tempo de leitura\" \/>\n\t<meta name=\"twitter:data1\" content=\"2 minutos\" \/>\n<script type=\"application\/ld+json\" class=\"yoast-schema-graph\">{\"@context\":\"https:\/\/schema.org\",\"@graph\":[{\"@type\":\"WebPage\",\"@id\":\"https:\/\/www.reabilite-se.com\/site\/quem-somos\/\",\"url\":\"https:\/\/www.reabilite-se.com\/site\/quem-somos\/\",\"name\":\"Quem Somos - Reabilite-se Fisioterapia\",\"isPartOf\":{\"@id\":\"https:\/\/www.reabilite-se.com\/site\/#website\"},\"datePublished\":\"2013-03-20T01:30:56+00:00\",\"dateModified\":\"2024-07-30T15:31:33+00:00\",\"breadcrumb\":{\"@id\":\"https:\/\/www.reabilite-se.com\/site\/quem-somos\/#breadcrumb\"},\"inLanguage\":\"pt-BR\",\"potentialAction\":[{\"@type\":\"ReadAction\",\"target\":[\"https:\/\/www.reabilite-se.com\/site\/quem-somos\/\"]}]},{\"@type\":\"BreadcrumbList\",\"@id\":\"https:\/\/www.reabilite-se.com\/site\/quem-somos\/#breadcrumb\",\"itemListElement\":[{\"@type\":\"ListItem\",\"position\":1,\"name\":\"In\u00edcio\",\"item\":\"https:\/\/www.reabilite-se.com\/site\/\"},{\"@type\":\"ListItem\",\"position\":2,\"name\":\"Quem Somos\"}]},{\"@type\":\"WebSite\",\"@id\":\"https:\/\/www.reabilite-se.com\/site\/#website\",\"url\":\"https:\/\/www.reabilite-se.com\/site\/\",\"name\":\"Reabilite-se Fisioterapia\",\"description\":\"Consult\u00f3rio de Fisioterapia em Caxias do Sul\",\"potentialAction\":[{\"@type\":\"SearchAction\",\"target\":{\"@type\":\"EntryPoint\",\"urlTemplate\":\"https:\/\/www.reabilite-se.com\/site\/?s={search_term_string}\"},\"query-input\":\"required name=search_term_string\"}],\"inLanguage\":\"pt-BR\"}]}<\/script>\n<!-- \/ Yoast SEO plugin. -->","yoast_head_json":{"title":"Quem Somos - Reabilite-se Fisioterapia","robots":{"index":"index","follow":"follow","max-snippet":"max-snippet:-1","max-image-preview":"max-image-preview:large","max-video-preview":"max-video-preview:-1"},"canonical":"https:\/\/www.reabilite-se.com\/site\/quem-somos\/","og_locale":"pt_BR","og_type":"article","og_title":"Quem Somos - Reabilite-se Fisioterapia","og_description":"Rafael Paolo Rossi \u00e9 fisioterapeuta (CREFITO-5 \/ 147.508-F) graduado pela Universidade de Caxias do Sul (UCS) em 2008, p\u00f3s-graduado em Traumato-Ortopedia Cl\u00ednica e Esportiva pela FisioWork e mestre em Ci\u00eancias pela Universidade de S\u00e3o Paulo (USP). Atua principalmente na reabilita\u00e7\u00e3o [\u2026]","og_url":"https:\/\/www.reabilite-se.com\/site\/quem-somos\/","og_site_name":"Reabilite-se Fisioterapia","article_modified_time":"2024-07-30T15:31:33+00:00","og_image":[{"url":"http:\/\/www.reabilite-se.com\/site\/wp-content\/uploads\/2013\/03\/rafael-rossi-fisioterapeuta-rvfisio.jpg"}],"twitter_card":"summary_large_image","twitter_misc":{"Est. tempo de leitura":"2 minutos"},"schema":{"@context":"https:\/\/schema.org","@graph":[{"@type":"WebPage","@id":"https:\/\/www.reabilite-se.com\/site\/quem-somos\/","url":"https:\/\/www.reabilite-se.com\/site\/quem-somos\/","name":"Quem Somos - Reabilite-se Fisioterapia","isPartOf":{"@id":"https:\/\/www.reabilite-se.com\/site\/#website"},"datePublished":"2013-03-20T01:30:56+00:00","dateModified":"2024-07-30T15:31:33+00:00","breadcrumb":{"@id":"https:\/\/www.reabilite-se.com\/site\/quem-somos\/#breadcrumb"},"inLanguage":"pt-BR","potentialAction":[{"@type":"ReadAction","target":["https:\/\/www.reabilite-se.com\/site\/quem-somos\/"]}]},{"@type":"BreadcrumbList","@id":"https:\/\/www.reabilite-se.com\/site\/quem-somos\/#breadcrumb","itemListElement":[{"@type":"ListItem","position":1,"name":"In\u00edcio","item":"https:\/\/www.reabilite-se.com\/site\/"},{"@type":"ListItem","position":2,"name":"Quem Somos"}]},{"@type":"WebSite","@id":"https:\/\/www.reabilite-se.com\/site\/#website","url":"https:\/\/www.reabilite-se.com\/site\/","name":"Reabilite-se Fisioterapia","description":"Consult\u00f3rio de Fisioterapia em Caxias do Sul","potentialAction":[{"@type":"SearchAction","target":{"@type":"EntryPoint","urlTemplate":"https:\/\/www.reabilite-se.com\/site\/?s={search_term_string}"},"query-input":"required name=search_term_string"}],"inLanguage":"pt-BR"}]}},"_links":{"self":[{"href":"https:\/\/www.reabilite-se.com\/site\/wp-json\/wp\/v2\/pages\/22"}],"collection":[{"href":"https:\/\/www.reabilite-se.com\/site\/wp-json\/wp\/v2\/pages"}],"about":[{"href":"https:\/\/www.reabilite-se.com\/site\/wp-json\/wp\/v2\/types\/page"}],"author":[{"embeddable":true,"href":"https:\/\/www.reabilite-se.com\/site\/wp-json\/wp\/v2\/users\/1"}],"replies":[{"embeddable":true,"href":"https:\/\/www.reabilite-se.com\/site\/wp-json\/wp\/v2\/comments?post=22"}],"version-history":[{"count":16,"href":"https:\/\/www.reabilite-se.com\/site\/wp-json\/wp\/v2\/pages\/22\/revisions"}],"predecessor-version":[{"id":1310,"href":"https:\/\/www.reabilite-se.com\/site\/wp-json\/wp\/v2\/pages\/22\/revisions\/1310"}],"wp:attachment":[{"href":"https:\/\/www.reabilite-se.com\/site\/wp-json\/wp\/v2\/media?parent=22"}],"curies":[{"name":"wp","href":"https:\/\/api.w.org\/{rel}","templated":true}]}}