{"id":13,"date":"2013-03-17T20:31:35","date_gmt":"2013-03-17T23:31:35","guid":{"rendered":"http:\/\/www.reabilite-se.com\/site\/?page_id=13"},"modified":"2024-07-26T14:10:44","modified_gmt":"2024-07-26T17:10:44","slug":"contato","status":"publish","type":"page","link":"https:\/\/www.reabilite-se.com\/site\/contato\/","title":{"rendered":"Contato"},"content":{"rendered":"<div class=\"column two-third mobile-one\"><div class=\"mcb-column-inner\"><\/p>\n<p>Entre em contato conosco\u00a0 pelo telefone (54) 3419-6555, pelo e-mail contato@reabilite-se.com ou utilize o formul\u00e1rio abaixo:<\/p>\n<p>\n<div class=\"wpcf7 no-js\" id=\"wpcf7-f6-o1\" lang=\"en-US\" dir=\"ltr\">\n<div class=\"screen-reader-response\"><p role=\"status\" aria-live=\"polite\" aria-atomic=\"true\"><\/p> <ul><\/ul><\/div>\n<form action=\"\/site\/wp-json\/wp\/v2\/pages\/13#wpcf7-f6-o1\" method=\"post\" class=\"wpcf7-form init\" aria-label=\"Contact form\" novalidate=\"novalidate\" data-status=\"init\">\n<div style=\"display: none;\">\n<input type=\"hidden\" name=\"_wpcf7\" value=\"6\" \/>\n<input type=\"hidden\" name=\"_wpcf7_version\" value=\"5.7.5.1\" \/>\n<input type=\"hidden\" name=\"_wpcf7_locale\" value=\"en_US\" \/>\n<input type=\"hidden\" name=\"_wpcf7_unit_tag\" value=\"wpcf7-f6-o1\" \/>\n<input type=\"hidden\" name=\"_wpcf7_container_post\" value=\"0\" \/>\n<input type=\"hidden\" name=\"_wpcf7_posted_data_hash\" value=\"\" \/>\n<input type=\"hidden\" name=\"_wpcf7_recaptcha_response\" value=\"\" \/>\n<\/div>\n<p><label>Seu nome:<\/label><br \/>\n<span class=\"wpcf7-form-control-wrap\" data-name=\"your-name\"><input size=\"40\" class=\"wpcf7-form-control wpcf7-text wpcf7-validates-as-required\" aria-required=\"true\" aria-invalid=\"false\" value=\"\" type=\"text\" name=\"your-name\" \/><\/span>\n<\/p>\n<p><label>Seu e-mail:<\/label><br \/>\n<span class=\"wpcf7-form-control-wrap\" data-name=\"your-email\"><input size=\"40\" class=\"wpcf7-form-control wpcf7-text wpcf7-email wpcf7-validates-as-required wpcf7-validates-as-email\" aria-required=\"true\" aria-invalid=\"false\" value=\"\" type=\"email\" name=\"your-email\" \/><\/span>\n<\/p>\n<p><label>Telefone com Whatsapp:<\/label><br \/>\n<span class=\"wpcf7-form-control-wrap\" data-name=\"text-501\"><input size=\"40\" class=\"wpcf7-form-control wpcf7-text\" aria-invalid=\"false\" placeholder=\"(99) 9999-9999\" value=\"\" type=\"text\" name=\"text-501\" \/><\/span>\n<\/p>\n<p><label>Assunto:<\/label><br \/>\n<span class=\"wpcf7-form-control-wrap\" data-name=\"your-subject\"><input size=\"40\" class=\"wpcf7-form-control wpcf7-text wpcf7-validates-as-required\" aria-required=\"true\" aria-invalid=\"false\" value=\"\" type=\"text\" name=\"your-subject\" \/><\/span>\n<\/p>\n<p><label>Sua mensagem:<\/label><br \/>\n<span class=\"wpcf7-form-control-wrap\" data-name=\"your-message\"><textarea cols=\"40\" rows=\"10\" class=\"wpcf7-form-control wpcf7-textarea\" aria-invalid=\"false\" name=\"your-message\"><\/textarea><\/span>\n<\/p>\n<p><span class=\"wpcf7-form-control-wrap\" data-name=\"menu-48\"><select class=\"wpcf7-form-control wpcf7-select wpcf7-validates-as-required\" aria-required=\"true\" aria-invalid=\"false\" name=\"menu-48\"><option value=\"Clique aqui e selecione como conheceu nossos servi\u00e7os:\">Clique aqui e selecione como conheceu nossos servi\u00e7os:<\/option><option value=\"Pesquisa no Google\">Pesquisa no Google<\/option><option value=\"Facebook\">Facebook<\/option><option value=\"Indica\u00e7\u00e3o de amigo ou parente\">Indica\u00e7\u00e3o de amigo ou parente<\/option><option value=\"Recomenda\u00e7\u00e3o m\u00e9dica\">Recomenda\u00e7\u00e3o m\u00e9dica<\/option><option value=\"J\u00e1 fui paciente\">J\u00e1 fui paciente<\/option><option value=\"Outro\">Outro<\/option><\/select><\/span>\n<\/p>\n<p><input class=\"wpcf7-form-control has-spinner wpcf7-submit\" type=\"submit\" value=\"Enviar\" \/>\n<\/p><div class=\"wpcf7-response-output\" aria-hidden=\"true\"><\/div>\n<\/form>\n<\/div>\n<\/p>\n<p><\/div><\/div>\n\n<div class=\"column one-third mobile-one\"><div class=\"mcb-column-inner\"><\/p>\n<p><strong>Endere\u00e7o:<\/strong><br \/>\nAv. J\u00falio de Castilhos, 1511,\u00a0 Sala 75, Centro, Caxias do Sul, RS.<\/p>\n<p><strong>Hor\u00e1rio de funcionamento:<\/strong><br \/>\nDe segunda a sexta, das 8:00 \u00e0s 12:00 e 13:00 \u00e0s 18:30.<\/p>\n<p><strong>Mapa de Localiza\u00e7\u00e3o<\/strong><\/p>\n<p><iframe loading=\"lazy\" style=\"border: 0;\" src=\"https:\/\/www.google.com\/maps\/embed?pb=!1m18!1m12!1m3!1d870.9754313785556!2d-51.17751567079801!3d-29.167568098888122!2m3!1f0!2f0!3f0!3m2!1i1024!2i768!4f13.1!3m3!1m2!1s0x951ebcd2ffb30ee5%3A0x3af974076e5f88c8!2sAv.+J%C3%BAlio+de+Castilhos%2C+1511+-+Nossa+Sra.+de+Lourdes%2C+Caxias+do+Sul+-+RS!5e0!3m2!1spt-BR!2sbr!4v1479756658950\" width=\"400\" height=\"300\" frameborder=\"0\" allowfullscreen=\"allowfullscreen\"><\/iframe><\/p>\n<p><\/div><\/div>\n\n","protected":false},"excerpt":{"rendered":"","protected":false},"author":1,"featured_media":0,"parent":0,"menu_order":0,"comment_status":"open","ping_status":"open","template":"","meta":[],"yoast_head":"<!-- This site is optimized with the Yoast SEO plugin v20.0 - https:\/\/yoast.com\/wordpress\/plugins\/seo\/ -->\n<title>Contato - Reabilite-se Fisioterapia<\/title>\n<meta name=\"description\" content=\"P\u00e1gina de contato do consult\u00f3rio Reabilite-se Fisioterapia. Fale conosco pelo nosso formul\u00e1rio no site ou pelo telefone (54) 3419-6555.\" \/>\n<meta name=\"robots\" content=\"index, follow, max-snippet:-1, max-image-preview:large, max-video-preview:-1\" \/>\n<link rel=\"canonical\" href=\"https:\/\/www.reabilite-se.com\/site\/contato\/\" \/>\n<meta property=\"og:locale\" content=\"pt_BR\" \/>\n<meta property=\"og:type\" content=\"article\" \/>\n<meta property=\"og:title\" content=\"Contato - Reabilite-se Fisioterapia\" \/>\n<meta property=\"og:description\" content=\"P\u00e1gina de contato do consult\u00f3rio Reabilite-se Fisioterapia. Fale conosco pelo nosso formul\u00e1rio no site ou pelo telefone (54) 3419-6555.\" \/>\n<meta property=\"og:url\" content=\"https:\/\/www.reabilite-se.com\/site\/contato\/\" \/>\n<meta property=\"og:site_name\" content=\"Reabilite-se Fisioterapia\" \/>\n<meta property=\"article:modified_time\" content=\"2024-07-26T17:10:44+00:00\" \/>\n<meta name=\"twitter:card\" content=\"summary_large_image\" \/>\n<meta name=\"twitter:label1\" content=\"Est. reading time\" \/>\n\t<meta name=\"twitter:data1\" content=\"1 minuto\" \/>\n<script type=\"application\/ld+json\" class=\"yoast-schema-graph\">{\"@context\":\"https:\/\/schema.org\",\"@graph\":[{\"@type\":\"WebPage\",\"@id\":\"https:\/\/www.reabilite-se.com\/site\/contato\/\",\"url\":\"https:\/\/www.reabilite-se.com\/site\/contato\/\",\"name\":\"Contato - Reabilite-se Fisioterapia\",\"isPartOf\":{\"@id\":\"https:\/\/www.reabilite-se.com\/site\/#website\"},\"datePublished\":\"2013-03-17T23:31:35+00:00\",\"dateModified\":\"2024-07-26T17:10:44+00:00\",\"description\":\"P\u00e1gina de contato do consult\u00f3rio Reabilite-se Fisioterapia. Fale conosco pelo nosso formul\u00e1rio no site ou pelo telefone (54) 3419-6555.\",\"breadcrumb\":{\"@id\":\"https:\/\/www.reabilite-se.com\/site\/contato\/#breadcrumb\"},\"inLanguage\":\"pt-BR\",\"potentialAction\":[{\"@type\":\"ReadAction\",\"target\":[\"https:\/\/www.reabilite-se.com\/site\/contato\/\"]}]},{\"@type\":\"BreadcrumbList\",\"@id\":\"https:\/\/www.reabilite-se.com\/site\/contato\/#breadcrumb\",\"itemListElement\":[{\"@type\":\"ListItem\",\"position\":1,\"name\":\"In\u00edcio\",\"item\":\"https:\/\/www.reabilite-se.com\/site\/\"},{\"@type\":\"ListItem\",\"position\":2,\"name\":\"Contato\"}]},{\"@type\":\"WebSite\",\"@id\":\"https:\/\/www.reabilite-se.com\/site\/#website\",\"url\":\"https:\/\/www.reabilite-se.com\/site\/\",\"name\":\"Reabilite-se Fisioterapia\",\"description\":\"Consult\u00f3rio de Fisioterapia em Caxias do Sul\",\"potentialAction\":[{\"@type\":\"SearchAction\",\"target\":{\"@type\":\"EntryPoint\",\"urlTemplate\":\"https:\/\/www.reabilite-se.com\/site\/?s={search_term_string}\"},\"query-input\":\"required name=search_term_string\"}],\"inLanguage\":\"pt-BR\"}]}<\/script>\n<!-- \/ Yoast SEO plugin. -->","yoast_head_json":{"title":"Contato - Reabilite-se Fisioterapia","description":"P\u00e1gina de contato do consult\u00f3rio Reabilite-se Fisioterapia. Fale conosco pelo nosso formul\u00e1rio no site ou pelo telefone (54) 3419-6555.","robots":{"index":"index","follow":"follow","max-snippet":"max-snippet:-1","max-image-preview":"max-image-preview:large","max-video-preview":"max-video-preview:-1"},"canonical":"https:\/\/www.reabilite-se.com\/site\/contato\/","og_locale":"pt_BR","og_type":"article","og_title":"Contato - Reabilite-se Fisioterapia","og_description":"P\u00e1gina de contato do consult\u00f3rio Reabilite-se Fisioterapia. Fale conosco pelo nosso formul\u00e1rio no site ou pelo telefone (54) 3419-6555.","og_url":"https:\/\/www.reabilite-se.com\/site\/contato\/","og_site_name":"Reabilite-se Fisioterapia","article_modified_time":"2024-07-26T17:10:44+00:00","twitter_card":"summary_large_image","twitter_misc":{"Est. reading time":"1 minuto"},"schema":{"@context":"https:\/\/schema.org","@graph":[{"@type":"WebPage","@id":"https:\/\/www.reabilite-se.com\/site\/contato\/","url":"https:\/\/www.reabilite-se.com\/site\/contato\/","name":"Contato - Reabilite-se Fisioterapia","isPartOf":{"@id":"https:\/\/www.reabilite-se.com\/site\/#website"},"datePublished":"2013-03-17T23:31:35+00:00","dateModified":"2024-07-26T17:10:44+00:00","description":"P\u00e1gina de contato do consult\u00f3rio Reabilite-se Fisioterapia. Fale conosco pelo nosso formul\u00e1rio no site ou pelo telefone (54) 3419-6555.","breadcrumb":{"@id":"https:\/\/www.reabilite-se.com\/site\/contato\/#breadcrumb"},"inLanguage":"pt-BR","potentialAction":[{"@type":"ReadAction","target":["https:\/\/www.reabilite-se.com\/site\/contato\/"]}]},{"@type":"BreadcrumbList","@id":"https:\/\/www.reabilite-se.com\/site\/contato\/#breadcrumb","itemListElement":[{"@type":"ListItem","position":1,"name":"In\u00edcio","item":"https:\/\/www.reabilite-se.com\/site\/"},{"@type":"ListItem","position":2,"name":"Contato"}]},{"@type":"WebSite","@id":"https:\/\/www.reabilite-se.com\/site\/#website","url":"https:\/\/www.reabilite-se.com\/site\/","name":"Reabilite-se Fisioterapia","description":"Consult\u00f3rio de Fisioterapia em Caxias do Sul","potentialAction":[{"@type":"SearchAction","target":{"@type":"EntryPoint","urlTemplate":"https:\/\/www.reabilite-se.com\/site\/?s={search_term_string}"},"query-input":"required name=search_term_string"}],"inLanguage":"pt-BR"}]}},"_links":{"self":[{"href":"https:\/\/www.reabilite-se.com\/site\/wp-json\/wp\/v2\/pages\/13"}],"collection":[{"href":"https:\/\/www.reabilite-se.com\/site\/wp-json\/wp\/v2\/pages"}],"about":[{"href":"https:\/\/www.reabilite-se.com\/site\/wp-json\/wp\/v2\/types\/page"}],"author":[{"embeddable":true,"href":"https:\/\/www.reabilite-se.com\/site\/wp-json\/wp\/v2\/users\/1"}],"replies":[{"embeddable":true,"href":"https:\/\/www.reabilite-se.com\/site\/wp-json\/wp\/v2\/comments?post=13"}],"version-history":[{"count":4,"href":"https:\/\/www.reabilite-se.com\/site\/wp-json\/wp\/v2\/pages\/13\/revisions"}],"predecessor-version":[{"id":1305,"href":"https:\/\/www.reabilite-se.com\/site\/wp-json\/wp\/v2\/pages\/13\/revisions\/1305"}],"wp:attachment":[{"href":"https:\/\/www.reabilite-se.com\/site\/wp-json\/wp\/v2\/media?parent=13"}],"curies":[{"name":"wp","href":"https:\/\/api.w.org\/{rel}","templated":true}]}}