{"id":1189,"date":"2023-01-27T19:54:17","date_gmt":"2023-01-27T22:54:17","guid":{"rendered":"https:\/\/www.reabilite-se.com\/site\/?page_id=1189"},"modified":"2023-01-31T16:42:37","modified_gmt":"2023-01-31T19:42:37","slug":"fisioterapia-esportiva","status":"publish","type":"page","link":"https:\/\/www.reabilite-se.com\/site\/servicos\/fisioterapia-esportiva\/","title":{"rendered":"Fisioterapia Esportiva"},"content":{"rendered":"\n<div style=\"height:100px\" aria-hidden=\"true\" class=\"wp-block-spacer\"><\/div>\n\n\n\n<p><\/p>\n\n\n\n<div class=\"is-layout-flex wp-container-3 wp-block-columns\">\n<div class=\"is-layout-flow wp-block-column\">\n<p>A fisioterapia esportiva atua no esporte amador e profissional, tendo como principais objetivos:<\/p>\n\n\n\n<ul>\n<li>Prevenir e reabilitar les\u00f5es relacionadas ao esporte.<\/li>\n\n\n\n<li>Proporcionar ao atleta o retorno a sua atividade de forma r\u00e1pida e segura.<\/li>\n<\/ul>\n\n\n\n<p><\/p>\n\n\n\n<p><strong>Dentre as les\u00f5es mais comuns no esporte podemos citar:<\/strong><\/p>\n\n\n\n<ul>\n<li>Pubalgia<\/li>\n\n\n\n<li>Entorse de tornozelo<\/li>\n\n\n\n<li>Les\u00f5es ligamentares (cruzado anterior, colateral, etc)<\/li>\n\n\n\n<li>Tendinopatia de Aquiles<\/li>\n\n\n\n<li>Estiramento muscular<\/li>\n\n\n\n<li>Epicondilite lateral e medial<\/li>\n\n\n\n<li>Instabilidade articular<\/li>\n\n\n\n<li>P\u00f3s-operat\u00f3rios de les\u00f5es esportivas<\/li>\n<\/ul>\n<\/div>\n\n\n\n<div class=\"is-layout-flow wp-block-column\">\n<figure class=\"wp-block-image size-full\"><a href=\"https:\/\/www.reabilite-se.com\/site\/wp-content\/uploads\/2023\/01\/fisioterapia-esportiva.jpg\"><img decoding=\"async\" loading=\"lazy\" width=\"800\" height=\"533\" src=\"https:\/\/www.reabilite-se.com\/site\/wp-content\/uploads\/2023\/01\/fisioterapia-esportiva.jpg\" alt=\"\" class=\"wp-image-1252\" srcset=\"https:\/\/www.reabilite-se.com\/site\/wp-content\/uploads\/2023\/01\/fisioterapia-esportiva.jpg 800w, https:\/\/www.reabilite-se.com\/site\/wp-content\/uploads\/2023\/01\/fisioterapia-esportiva-300x200.jpg 300w, https:\/\/www.reabilite-se.com\/site\/wp-content\/uploads\/2023\/01\/fisioterapia-esportiva-768x512.jpg 768w, https:\/\/www.reabilite-se.com\/site\/wp-content\/uploads\/2023\/01\/fisioterapia-esportiva-219x146.jpg 219w, https:\/\/www.reabilite-se.com\/site\/wp-content\/uploads\/2023\/01\/fisioterapia-esportiva-50x33.jpg 50w, https:\/\/www.reabilite-se.com\/site\/wp-content\/uploads\/2023\/01\/fisioterapia-esportiva-113x75.jpg 113w\" sizes=\"(max-width: 800px) 100vw, 800px\" \/><\/a><\/figure>\n<\/div>\n<\/div>\n\n\n\n<p><\/p>\n\n\n\n<div style=\"height:20px\" aria-hidden=\"true\" class=\"wp-block-spacer\"><\/div>\n\n\n\n<div style=\"height:100px\" aria-hidden=\"true\" class=\"wp-block-spacer\"><\/div>\n","protected":false},"excerpt":{"rendered":"<p>A fisioterapia esportiva atua no esporte amador e profissional, tendo como principais objetivos: Dentre as les\u00f5es mais comuns no esporte podemos citar:<\/p>\n","protected":false},"author":1,"featured_media":0,"parent":9,"menu_order":0,"comment_status":"closed","ping_status":"closed","template":"","meta":[],"yoast_head":"<!-- This site is optimized with the Yoast SEO plugin v20.0 - https:\/\/yoast.com\/wordpress\/plugins\/seo\/ -->\n<title>Fisioterapia Esportiva - Reabilite-se Fisioterapia<\/title>\n<meta name=\"robots\" content=\"index, follow, max-snippet:-1, max-image-preview:large, max-video-preview:-1\" \/>\n<link rel=\"canonical\" href=\"https:\/\/www.reabilite-se.com\/site\/servicos\/fisioterapia-esportiva\/\" \/>\n<meta property=\"og:locale\" content=\"pt_BR\" \/>\n<meta property=\"og:type\" content=\"article\" \/>\n<meta property=\"og:title\" content=\"Fisioterapia Esportiva - Reabilite-se Fisioterapia\" \/>\n<meta property=\"og:description\" content=\"A fisioterapia esportiva atua no esporte amador e profissional, tendo como principais objetivos: Dentre as les\u00f5es mais comuns no esporte podemos citar:\" \/>\n<meta property=\"og:url\" content=\"https:\/\/www.reabilite-se.com\/site\/servicos\/fisioterapia-esportiva\/\" \/>\n<meta property=\"og:site_name\" content=\"Reabilite-se Fisioterapia\" \/>\n<meta property=\"article:modified_time\" content=\"2023-01-31T19:42:37+00:00\" \/>\n<meta property=\"og:image\" content=\"https:\/\/www.reabilite-se.com\/site\/wp-content\/uploads\/2023\/01\/fisioterapia-esportiva.jpg\" \/>\n<meta name=\"twitter:card\" content=\"summary_large_image\" \/>\n<meta name=\"twitter:label1\" content=\"Est. tempo de leitura\" \/>\n\t<meta name=\"twitter:data1\" content=\"1 minuto\" \/>\n<script type=\"application\/ld+json\" class=\"yoast-schema-graph\">{\"@context\":\"https:\/\/schema.org\",\"@graph\":[{\"@type\":\"WebPage\",\"@id\":\"https:\/\/www.reabilite-se.com\/site\/servicos\/fisioterapia-esportiva\/\",\"url\":\"https:\/\/www.reabilite-se.com\/site\/servicos\/fisioterapia-esportiva\/\",\"name\":\"Fisioterapia Esportiva - Reabilite-se Fisioterapia\",\"isPartOf\":{\"@id\":\"https:\/\/www.reabilite-se.com\/site\/#website\"},\"datePublished\":\"2023-01-27T22:54:17+00:00\",\"dateModified\":\"2023-01-31T19:42:37+00:00\",\"breadcrumb\":{\"@id\":\"https:\/\/www.reabilite-se.com\/site\/servicos\/fisioterapia-esportiva\/#breadcrumb\"},\"inLanguage\":\"pt-BR\",\"potentialAction\":[{\"@type\":\"ReadAction\",\"target\":[\"https:\/\/www.reabilite-se.com\/site\/servicos\/fisioterapia-esportiva\/\"]}]},{\"@type\":\"BreadcrumbList\",\"@id\":\"https:\/\/www.reabilite-se.com\/site\/servicos\/fisioterapia-esportiva\/#breadcrumb\",\"itemListElement\":[{\"@type\":\"ListItem\",\"position\":1,\"name\":\"In\u00edcio\",\"item\":\"https:\/\/www.reabilite-se.com\/site\/\"},{\"@type\":\"ListItem\",\"position\":2,\"name\":\"Servi\u00e7os Oferecidos\",\"item\":\"https:\/\/www.reabilite-se.com\/site\/servicos\/\"},{\"@type\":\"ListItem\",\"position\":3,\"name\":\"Fisioterapia Esportiva\"}]},{\"@type\":\"WebSite\",\"@id\":\"https:\/\/www.reabilite-se.com\/site\/#website\",\"url\":\"https:\/\/www.reabilite-se.com\/site\/\",\"name\":\"Reabilite-se Fisioterapia\",\"description\":\"Consult\u00f3rio de Fisioterapia em Caxias do Sul\",\"potentialAction\":[{\"@type\":\"SearchAction\",\"target\":{\"@type\":\"EntryPoint\",\"urlTemplate\":\"https:\/\/www.reabilite-se.com\/site\/?s={search_term_string}\"},\"query-input\":\"required name=search_term_string\"}],\"inLanguage\":\"pt-BR\"}]}<\/script>\n<!-- \/ Yoast SEO plugin. -->","yoast_head_json":{"title":"Fisioterapia Esportiva - Reabilite-se Fisioterapia","robots":{"index":"index","follow":"follow","max-snippet":"max-snippet:-1","max-image-preview":"max-image-preview:large","max-video-preview":"max-video-preview:-1"},"canonical":"https:\/\/www.reabilite-se.com\/site\/servicos\/fisioterapia-esportiva\/","og_locale":"pt_BR","og_type":"article","og_title":"Fisioterapia Esportiva - Reabilite-se Fisioterapia","og_description":"A fisioterapia esportiva atua no esporte amador e profissional, tendo como principais objetivos: Dentre as les\u00f5es mais comuns no esporte podemos citar:","og_url":"https:\/\/www.reabilite-se.com\/site\/servicos\/fisioterapia-esportiva\/","og_site_name":"Reabilite-se Fisioterapia","article_modified_time":"2023-01-31T19:42:37+00:00","og_image":[{"url":"https:\/\/www.reabilite-se.com\/site\/wp-content\/uploads\/2023\/01\/fisioterapia-esportiva.jpg"}],"twitter_card":"summary_large_image","twitter_misc":{"Est. tempo de leitura":"1 minuto"},"schema":{"@context":"https:\/\/schema.org","@graph":[{"@type":"WebPage","@id":"https:\/\/www.reabilite-se.com\/site\/servicos\/fisioterapia-esportiva\/","url":"https:\/\/www.reabilite-se.com\/site\/servicos\/fisioterapia-esportiva\/","name":"Fisioterapia Esportiva - Reabilite-se Fisioterapia","isPartOf":{"@id":"https:\/\/www.reabilite-se.com\/site\/#website"},"datePublished":"2023-01-27T22:54:17+00:00","dateModified":"2023-01-31T19:42:37+00:00","breadcrumb":{"@id":"https:\/\/www.reabilite-se.com\/site\/servicos\/fisioterapia-esportiva\/#breadcrumb"},"inLanguage":"pt-BR","potentialAction":[{"@type":"ReadAction","target":["https:\/\/www.reabilite-se.com\/site\/servicos\/fisioterapia-esportiva\/"]}]},{"@type":"BreadcrumbList","@id":"https:\/\/www.reabilite-se.com\/site\/servicos\/fisioterapia-esportiva\/#breadcrumb","itemListElement":[{"@type":"ListItem","position":1,"name":"In\u00edcio","item":"https:\/\/www.reabilite-se.com\/site\/"},{"@type":"ListItem","position":2,"name":"Servi\u00e7os Oferecidos","item":"https:\/\/www.reabilite-se.com\/site\/servicos\/"},{"@type":"ListItem","position":3,"name":"Fisioterapia Esportiva"}]},{"@type":"WebSite","@id":"https:\/\/www.reabilite-se.com\/site\/#website","url":"https:\/\/www.reabilite-se.com\/site\/","name":"Reabilite-se Fisioterapia","description":"Consult\u00f3rio de Fisioterapia em Caxias do Sul","potentialAction":[{"@type":"SearchAction","target":{"@type":"EntryPoint","urlTemplate":"https:\/\/www.reabilite-se.com\/site\/?s={search_term_string}"},"query-input":"required name=search_term_string"}],"inLanguage":"pt-BR"}]}},"_links":{"self":[{"href":"https:\/\/www.reabilite-se.com\/site\/wp-json\/wp\/v2\/pages\/1189"}],"collection":[{"href":"https:\/\/www.reabilite-se.com\/site\/wp-json\/wp\/v2\/pages"}],"about":[{"href":"https:\/\/www.reabilite-se.com\/site\/wp-json\/wp\/v2\/types\/page"}],"author":[{"embeddable":true,"href":"https:\/\/www.reabilite-se.com\/site\/wp-json\/wp\/v2\/users\/1"}],"replies":[{"embeddable":true,"href":"https:\/\/www.reabilite-se.com\/site\/wp-json\/wp\/v2\/comments?post=1189"}],"version-history":[{"count":8,"href":"https:\/\/www.reabilite-se.com\/site\/wp-json\/wp\/v2\/pages\/1189\/revisions"}],"predecessor-version":[{"id":1255,"href":"https:\/\/www.reabilite-se.com\/site\/wp-json\/wp\/v2\/pages\/1189\/revisions\/1255"}],"up":[{"embeddable":true,"href":"https:\/\/www.reabilite-se.com\/site\/wp-json\/wp\/v2\/pages\/9"}],"wp:attachment":[{"href":"https:\/\/www.reabilite-se.com\/site\/wp-json\/wp\/v2\/media?parent=1189"}],"curies":[{"name":"wp","href":"https:\/\/api.w.org\/{rel}","templated":true}]}}