{"id":1187,"date":"2023-01-27T19:53:29","date_gmt":"2023-01-27T22:53:29","guid":{"rendered":"https:\/\/www.reabilite-se.com\/site\/?page_id=1187"},"modified":"2023-01-31T16:54:35","modified_gmt":"2023-01-31T19:54:35","slug":"prevencao-de-quedas","status":"publish","type":"page","link":"https:\/\/www.reabilite-se.com\/site\/servicos\/prevencao-de-quedas\/","title":{"rendered":"Preven\u00e7\u00e3o de Quedas"},"content":{"rendered":"\n<div style=\"height:100px\" aria-hidden=\"true\" class=\"wp-block-spacer\"><\/div>\n\n\n\n<div class=\"is-layout-flex wp-container-3 wp-block-columns\">\n<div class=\"is-layout-flow wp-block-column\">\n<ul>\n<li>Avalia\u00e7\u00e3o do risco de queda em idosos, aplicando testes de capacidade f\u00edsica.<\/li>\n\n\n\n<li>Adequa\u00e7\u00e3o do mobili\u00e1rio no domic\u00edlio, visando redu\u00e7\u00e3o do risco de quedas e maior autonomia.<\/li>\n\n\n\n<li>Aconselhamento e instru\u00e7\u00e3o do uso correto de dispositivos de aux\u00edlio para deambula\u00e7\u00e3o, como andador, bengala e muletas.<\/li>\n\n\n\n<li>Programa de exerc\u00edcios para melhora da for\u00e7a, controle motor e equil\u00edbrio.<\/li>\n<\/ul>\n<\/div>\n\n\n\n<div class=\"is-layout-flow wp-block-column\">\n<figure class=\"wp-block-image size-full\"><a href=\"https:\/\/www.reabilite-se.com\/site\/wp-content\/uploads\/2017\/01\/bengala.jpg\"><img decoding=\"async\" loading=\"lazy\" width=\"620\" height=\"416\" src=\"https:\/\/www.reabilite-se.com\/site\/wp-content\/uploads\/2017\/01\/bengala.jpg\" alt=\"Correta utiliza\u00e7\u00e3o da bengala\" class=\"wp-image-751\" srcset=\"https:\/\/www.reabilite-se.com\/site\/wp-content\/uploads\/2017\/01\/bengala.jpg 620w, https:\/\/www.reabilite-se.com\/site\/wp-content\/uploads\/2017\/01\/bengala-300x201.jpg 300w, https:\/\/www.reabilite-se.com\/site\/wp-content\/uploads\/2017\/01\/bengala-218x146.jpg 218w, https:\/\/www.reabilite-se.com\/site\/wp-content\/uploads\/2017\/01\/bengala-50x34.jpg 50w, https:\/\/www.reabilite-se.com\/site\/wp-content\/uploads\/2017\/01\/bengala-112x75.jpg 112w\" sizes=\"(max-width: 620px) 100vw, 620px\" \/><\/a><\/figure>\n<\/div>\n<\/div>\n\n\n\n<p><\/p>\n","protected":false},"excerpt":{"rendered":"","protected":false},"author":1,"featured_media":0,"parent":9,"menu_order":0,"comment_status":"closed","ping_status":"closed","template":"","meta":[],"yoast_head":"<!-- This site is optimized with the Yoast SEO plugin v20.0 - https:\/\/yoast.com\/wordpress\/plugins\/seo\/ -->\n<title>Preven\u00e7\u00e3o de Quedas - Reabilite-se Fisioterapia<\/title>\n<meta name=\"robots\" content=\"index, follow, max-snippet:-1, max-image-preview:large, max-video-preview:-1\" \/>\n<link rel=\"canonical\" href=\"https:\/\/www.reabilite-se.com\/site\/servicos\/prevencao-de-quedas\/\" \/>\n<meta property=\"og:locale\" content=\"pt_BR\" \/>\n<meta property=\"og:type\" content=\"article\" \/>\n<meta property=\"og:title\" content=\"Preven\u00e7\u00e3o de Quedas - Reabilite-se Fisioterapia\" \/>\n<meta property=\"og:url\" content=\"https:\/\/www.reabilite-se.com\/site\/servicos\/prevencao-de-quedas\/\" \/>\n<meta property=\"og:site_name\" content=\"Reabilite-se Fisioterapia\" \/>\n<meta property=\"article:modified_time\" content=\"2023-01-31T19:54:35+00:00\" \/>\n<meta property=\"og:image\" content=\"https:\/\/www.reabilite-se.com\/site\/wp-content\/uploads\/2017\/01\/bengala.jpg\" \/>\n<meta name=\"twitter:card\" content=\"summary_large_image\" \/>\n<meta name=\"twitter:label1\" content=\"Est. tempo de leitura\" \/>\n\t<meta name=\"twitter:data1\" content=\"1 minuto\" \/>\n<script type=\"application\/ld+json\" class=\"yoast-schema-graph\">{\"@context\":\"https:\/\/schema.org\",\"@graph\":[{\"@type\":\"WebPage\",\"@id\":\"https:\/\/www.reabilite-se.com\/site\/servicos\/prevencao-de-quedas\/\",\"url\":\"https:\/\/www.reabilite-se.com\/site\/servicos\/prevencao-de-quedas\/\",\"name\":\"Preven\u00e7\u00e3o de Quedas - Reabilite-se Fisioterapia\",\"isPartOf\":{\"@id\":\"https:\/\/www.reabilite-se.com\/site\/#website\"},\"datePublished\":\"2023-01-27T22:53:29+00:00\",\"dateModified\":\"2023-01-31T19:54:35+00:00\",\"breadcrumb\":{\"@id\":\"https:\/\/www.reabilite-se.com\/site\/servicos\/prevencao-de-quedas\/#breadcrumb\"},\"inLanguage\":\"pt-BR\",\"potentialAction\":[{\"@type\":\"ReadAction\",\"target\":[\"https:\/\/www.reabilite-se.com\/site\/servicos\/prevencao-de-quedas\/\"]}]},{\"@type\":\"BreadcrumbList\",\"@id\":\"https:\/\/www.reabilite-se.com\/site\/servicos\/prevencao-de-quedas\/#breadcrumb\",\"itemListElement\":[{\"@type\":\"ListItem\",\"position\":1,\"name\":\"In\u00edcio\",\"item\":\"https:\/\/www.reabilite-se.com\/site\/\"},{\"@type\":\"ListItem\",\"position\":2,\"name\":\"Servi\u00e7os Oferecidos\",\"item\":\"https:\/\/www.reabilite-se.com\/site\/servicos\/\"},{\"@type\":\"ListItem\",\"position\":3,\"name\":\"Preven\u00e7\u00e3o de Quedas\"}]},{\"@type\":\"WebSite\",\"@id\":\"https:\/\/www.reabilite-se.com\/site\/#website\",\"url\":\"https:\/\/www.reabilite-se.com\/site\/\",\"name\":\"Reabilite-se Fisioterapia\",\"description\":\"Consult\u00f3rio de Fisioterapia em Caxias do Sul\",\"potentialAction\":[{\"@type\":\"SearchAction\",\"target\":{\"@type\":\"EntryPoint\",\"urlTemplate\":\"https:\/\/www.reabilite-se.com\/site\/?s={search_term_string}\"},\"query-input\":\"required name=search_term_string\"}],\"inLanguage\":\"pt-BR\"}]}<\/script>\n<!-- \/ Yoast SEO plugin. -->","yoast_head_json":{"title":"Preven\u00e7\u00e3o de Quedas - Reabilite-se Fisioterapia","robots":{"index":"index","follow":"follow","max-snippet":"max-snippet:-1","max-image-preview":"max-image-preview:large","max-video-preview":"max-video-preview:-1"},"canonical":"https:\/\/www.reabilite-se.com\/site\/servicos\/prevencao-de-quedas\/","og_locale":"pt_BR","og_type":"article","og_title":"Preven\u00e7\u00e3o de Quedas - Reabilite-se Fisioterapia","og_url":"https:\/\/www.reabilite-se.com\/site\/servicos\/prevencao-de-quedas\/","og_site_name":"Reabilite-se Fisioterapia","article_modified_time":"2023-01-31T19:54:35+00:00","og_image":[{"url":"https:\/\/www.reabilite-se.com\/site\/wp-content\/uploads\/2017\/01\/bengala.jpg"}],"twitter_card":"summary_large_image","twitter_misc":{"Est. tempo de leitura":"1 minuto"},"schema":{"@context":"https:\/\/schema.org","@graph":[{"@type":"WebPage","@id":"https:\/\/www.reabilite-se.com\/site\/servicos\/prevencao-de-quedas\/","url":"https:\/\/www.reabilite-se.com\/site\/servicos\/prevencao-de-quedas\/","name":"Preven\u00e7\u00e3o de Quedas - Reabilite-se Fisioterapia","isPartOf":{"@id":"https:\/\/www.reabilite-se.com\/site\/#website"},"datePublished":"2023-01-27T22:53:29+00:00","dateModified":"2023-01-31T19:54:35+00:00","breadcrumb":{"@id":"https:\/\/www.reabilite-se.com\/site\/servicos\/prevencao-de-quedas\/#breadcrumb"},"inLanguage":"pt-BR","potentialAction":[{"@type":"ReadAction","target":["https:\/\/www.reabilite-se.com\/site\/servicos\/prevencao-de-quedas\/"]}]},{"@type":"BreadcrumbList","@id":"https:\/\/www.reabilite-se.com\/site\/servicos\/prevencao-de-quedas\/#breadcrumb","itemListElement":[{"@type":"ListItem","position":1,"name":"In\u00edcio","item":"https:\/\/www.reabilite-se.com\/site\/"},{"@type":"ListItem","position":2,"name":"Servi\u00e7os Oferecidos","item":"https:\/\/www.reabilite-se.com\/site\/servicos\/"},{"@type":"ListItem","position":3,"name":"Preven\u00e7\u00e3o de Quedas"}]},{"@type":"WebSite","@id":"https:\/\/www.reabilite-se.com\/site\/#website","url":"https:\/\/www.reabilite-se.com\/site\/","name":"Reabilite-se Fisioterapia","description":"Consult\u00f3rio de Fisioterapia em Caxias do Sul","potentialAction":[{"@type":"SearchAction","target":{"@type":"EntryPoint","urlTemplate":"https:\/\/www.reabilite-se.com\/site\/?s={search_term_string}"},"query-input":"required name=search_term_string"}],"inLanguage":"pt-BR"}]}},"_links":{"self":[{"href":"https:\/\/www.reabilite-se.com\/site\/wp-json\/wp\/v2\/pages\/1187"}],"collection":[{"href":"https:\/\/www.reabilite-se.com\/site\/wp-json\/wp\/v2\/pages"}],"about":[{"href":"https:\/\/www.reabilite-se.com\/site\/wp-json\/wp\/v2\/types\/page"}],"author":[{"embeddable":true,"href":"https:\/\/www.reabilite-se.com\/site\/wp-json\/wp\/v2\/users\/1"}],"replies":[{"embeddable":true,"href":"https:\/\/www.reabilite-se.com\/site\/wp-json\/wp\/v2\/comments?post=1187"}],"version-history":[{"count":4,"href":"https:\/\/www.reabilite-se.com\/site\/wp-json\/wp\/v2\/pages\/1187\/revisions"}],"predecessor-version":[{"id":1261,"href":"https:\/\/www.reabilite-se.com\/site\/wp-json\/wp\/v2\/pages\/1187\/revisions\/1261"}],"up":[{"embeddable":true,"href":"https:\/\/www.reabilite-se.com\/site\/wp-json\/wp\/v2\/pages\/9"}],"wp:attachment":[{"href":"https:\/\/www.reabilite-se.com\/site\/wp-json\/wp\/v2\/media?parent=1187"}],"curies":[{"name":"wp","href":"https:\/\/api.w.org\/{rel}","templated":true}]}}