{"id":1174,"date":"2023-01-27T19:32:31","date_gmt":"2023-01-27T22:32:31","guid":{"rendered":"https:\/\/www.reabilite-se.com\/site\/?page_id=1174"},"modified":"2024-07-26T14:06:42","modified_gmt":"2024-07-26T17:06:42","slug":"fisioterapia-traumato-ortopedica","status":"publish","type":"page","link":"https:\/\/www.reabilite-se.com\/site\/servicos\/fisioterapia-traumato-ortopedica\/","title":{"rendered":"Fisioterapia Traumato-Ortop\u00e9dica"},"content":{"rendered":"\n<div style=\"height:100px\" aria-hidden=\"true\" class=\"wp-block-spacer\"><\/div>\n\n\n\n<div class=\"is-layout-flex wp-container-3 wp-block-columns\">\n<div class=\"is-layout-flow wp-block-column is-vertically-aligned-center\">\n<p><\/p>\n\n\n\n<p><\/p>\n\n\n\n<p>A fisioterapia traumato-ortop\u00e9dica atua na preven\u00e7\u00e3o, diagn\u00f3stico e tratamento de dist\u00farbios do sistema musculoesquel\u00e9tico, incluindo traumas, p\u00f3s-operat\u00f3rios e les\u00f5es osteomioarticulares.<\/p>\n<\/div>\n\n\n\n<div class=\"is-layout-flow wp-block-column\">\n<figure class=\"wp-block-image size-full\"><a href=\"https:\/\/www.reabilite-se.com\/site\/wp-content\/uploads\/2023\/01\/fisioterapia-traumato-ortopedica.jpg\"><img decoding=\"async\" loading=\"lazy\" width=\"800\" height=\"550\" src=\"https:\/\/www.reabilite-se.com\/site\/wp-content\/uploads\/2023\/01\/fisioterapia-traumato-ortopedica.jpg\" alt=\"Fisioterapia Traumato-ortop\u00e9dica\" class=\"wp-image-1257\" srcset=\"https:\/\/www.reabilite-se.com\/site\/wp-content\/uploads\/2023\/01\/fisioterapia-traumato-ortopedica.jpg 800w, https:\/\/www.reabilite-se.com\/site\/wp-content\/uploads\/2023\/01\/fisioterapia-traumato-ortopedica-300x206.jpg 300w, https:\/\/www.reabilite-se.com\/site\/wp-content\/uploads\/2023\/01\/fisioterapia-traumato-ortopedica-768x528.jpg 768w, https:\/\/www.reabilite-se.com\/site\/wp-content\/uploads\/2023\/01\/fisioterapia-traumato-ortopedica-212x146.jpg 212w, https:\/\/www.reabilite-se.com\/site\/wp-content\/uploads\/2023\/01\/fisioterapia-traumato-ortopedica-50x34.jpg 50w, https:\/\/www.reabilite-se.com\/site\/wp-content\/uploads\/2023\/01\/fisioterapia-traumato-ortopedica-109x75.jpg 109w\" sizes=\"(max-width: 800px) 100vw, 800px\" \/><\/a><\/figure>\n<\/div>\n<\/div>\n\n\n\n<p><\/p>\n\n\n\n<div class=\"is-layout-flex wp-container-6 wp-block-columns\">\n<div class=\"is-layout-flow wp-block-column\">\n<p><strong>Les\u00f5es que tratamos:<\/strong><\/p>\n\n\n\n<p><\/p>\n\n\n\n<ul>\n<li>Bursites<\/li>\n\n\n\n<li>Entorses<\/li>\n\n\n\n<li>Osteoartrose<\/li>\n\n\n\n<li>Tendinopatias<\/li>\n\n\n\n<li>H\u00e9rnia de disco<\/li>\n\n\n\n<li>Les\u00f5es musculares<\/li>\n\n\n\n<li>Impacto femoroacetabular (IFA)<\/li>\n\n\n\n<li>Les\u00f5es do manguito rotador (ombro)<\/li>\n\n\n\n<li>P\u00f3s-operat\u00f3rio de fraturas, pr\u00f3teses e reconstru\u00e7\u00e3o ligamentar<\/li>\n<\/ul>\n<\/div>\n\n\n\n<div class=\"is-layout-flow wp-block-column\">\n<p><strong>&nbsp;Recursos utilizados<\/strong>:<\/p>\n\n\n\n<p><\/p>\n\n\n\n<ul>\n<li>Eletrotermofototerapia (Laser, TENS, FES, Russa, Ultrassom)<\/li>\n\n\n\n<li>Cinesioterapia (exerc\u00edcios terap\u00eauticos)<\/li>\n\n\n\n<li>Terapia Manual (mobiliza\u00e7\u00e3o e manipula\u00e7\u00e3o articular)<\/li>\n<\/ul>\n<\/div>\n<\/div>\n","protected":false},"excerpt":{"rendered":"<p>A fisioterapia traumato-ortop\u00e9dica atua na preven\u00e7\u00e3o, diagn\u00f3stico e tratamento de dist\u00farbios do sistema musculoesquel\u00e9tico, incluindo traumas, p\u00f3s-operat\u00f3rios e les\u00f5es osteomioarticulares. Les\u00f5es que tratamos: &nbsp;Recursos utilizados:<\/p>\n","protected":false},"author":1,"featured_media":0,"parent":9,"menu_order":0,"comment_status":"closed","ping_status":"closed","template":"","meta":[],"yoast_head":"<!-- This site is optimized with the Yoast SEO plugin v20.0 - https:\/\/yoast.com\/wordpress\/plugins\/seo\/ -->\n<title>Fisioterapia Traumato-Ortop\u00e9dica - Reabilite-se Fisioterapia<\/title>\n<meta name=\"robots\" content=\"index, follow, max-snippet:-1, max-image-preview:large, max-video-preview:-1\" \/>\n<link rel=\"canonical\" href=\"https:\/\/www.reabilite-se.com\/site\/servicos\/fisioterapia-traumato-ortopedica\/\" \/>\n<meta property=\"og:locale\" content=\"pt_BR\" \/>\n<meta property=\"og:type\" content=\"article\" \/>\n<meta property=\"og:title\" content=\"Fisioterapia Traumato-Ortop\u00e9dica - Reabilite-se Fisioterapia\" \/>\n<meta property=\"og:description\" content=\"A fisioterapia traumato-ortop\u00e9dica atua na preven\u00e7\u00e3o, diagn\u00f3stico e tratamento de dist\u00farbios do sistema musculoesquel\u00e9tico, incluindo traumas, p\u00f3s-operat\u00f3rios e les\u00f5es osteomioarticulares. Les\u00f5es que tratamos: &nbsp;Recursos utilizados:\" \/>\n<meta property=\"og:url\" content=\"https:\/\/www.reabilite-se.com\/site\/servicos\/fisioterapia-traumato-ortopedica\/\" \/>\n<meta property=\"og:site_name\" content=\"Reabilite-se Fisioterapia\" \/>\n<meta property=\"article:modified_time\" content=\"2024-07-26T17:06:42+00:00\" \/>\n<meta property=\"og:image\" content=\"https:\/\/www.reabilite-se.com\/site\/wp-content\/uploads\/2023\/01\/fisioterapia-traumato-ortopedica.jpg\" \/>\n<meta name=\"twitter:card\" content=\"summary_large_image\" \/>\n<meta name=\"twitter:label1\" content=\"Est. tempo de leitura\" \/>\n\t<meta name=\"twitter:data1\" content=\"1 minuto\" \/>\n<script type=\"application\/ld+json\" class=\"yoast-schema-graph\">{\"@context\":\"https:\/\/schema.org\",\"@graph\":[{\"@type\":\"WebPage\",\"@id\":\"https:\/\/www.reabilite-se.com\/site\/servicos\/fisioterapia-traumato-ortopedica\/\",\"url\":\"https:\/\/www.reabilite-se.com\/site\/servicos\/fisioterapia-traumato-ortopedica\/\",\"name\":\"Fisioterapia Traumato-Ortop\u00e9dica - Reabilite-se Fisioterapia\",\"isPartOf\":{\"@id\":\"https:\/\/www.reabilite-se.com\/site\/#website\"},\"datePublished\":\"2023-01-27T22:32:31+00:00\",\"dateModified\":\"2024-07-26T17:06:42+00:00\",\"breadcrumb\":{\"@id\":\"https:\/\/www.reabilite-se.com\/site\/servicos\/fisioterapia-traumato-ortopedica\/#breadcrumb\"},\"inLanguage\":\"pt-BR\",\"potentialAction\":[{\"@type\":\"ReadAction\",\"target\":[\"https:\/\/www.reabilite-se.com\/site\/servicos\/fisioterapia-traumato-ortopedica\/\"]}]},{\"@type\":\"BreadcrumbList\",\"@id\":\"https:\/\/www.reabilite-se.com\/site\/servicos\/fisioterapia-traumato-ortopedica\/#breadcrumb\",\"itemListElement\":[{\"@type\":\"ListItem\",\"position\":1,\"name\":\"In\u00edcio\",\"item\":\"https:\/\/www.reabilite-se.com\/site\/\"},{\"@type\":\"ListItem\",\"position\":2,\"name\":\"Servi\u00e7os Oferecidos\",\"item\":\"https:\/\/www.reabilite-se.com\/site\/servicos\/\"},{\"@type\":\"ListItem\",\"position\":3,\"name\":\"Fisioterapia Traumato-Ortop\u00e9dica\"}]},{\"@type\":\"WebSite\",\"@id\":\"https:\/\/www.reabilite-se.com\/site\/#website\",\"url\":\"https:\/\/www.reabilite-se.com\/site\/\",\"name\":\"Reabilite-se Fisioterapia\",\"description\":\"Consult\u00f3rio de Fisioterapia em Caxias do Sul\",\"potentialAction\":[{\"@type\":\"SearchAction\",\"target\":{\"@type\":\"EntryPoint\",\"urlTemplate\":\"https:\/\/www.reabilite-se.com\/site\/?s={search_term_string}\"},\"query-input\":\"required name=search_term_string\"}],\"inLanguage\":\"pt-BR\"}]}<\/script>\n<!-- \/ Yoast SEO plugin. -->","yoast_head_json":{"title":"Fisioterapia Traumato-Ortop\u00e9dica - Reabilite-se Fisioterapia","robots":{"index":"index","follow":"follow","max-snippet":"max-snippet:-1","max-image-preview":"max-image-preview:large","max-video-preview":"max-video-preview:-1"},"canonical":"https:\/\/www.reabilite-se.com\/site\/servicos\/fisioterapia-traumato-ortopedica\/","og_locale":"pt_BR","og_type":"article","og_title":"Fisioterapia Traumato-Ortop\u00e9dica - Reabilite-se Fisioterapia","og_description":"A fisioterapia traumato-ortop\u00e9dica atua na preven\u00e7\u00e3o, diagn\u00f3stico e tratamento de dist\u00farbios do sistema musculoesquel\u00e9tico, incluindo traumas, p\u00f3s-operat\u00f3rios e les\u00f5es osteomioarticulares. Les\u00f5es que tratamos: &nbsp;Recursos utilizados:","og_url":"https:\/\/www.reabilite-se.com\/site\/servicos\/fisioterapia-traumato-ortopedica\/","og_site_name":"Reabilite-se Fisioterapia","article_modified_time":"2024-07-26T17:06:42+00:00","og_image":[{"url":"https:\/\/www.reabilite-se.com\/site\/wp-content\/uploads\/2023\/01\/fisioterapia-traumato-ortopedica.jpg"}],"twitter_card":"summary_large_image","twitter_misc":{"Est. tempo de leitura":"1 minuto"},"schema":{"@context":"https:\/\/schema.org","@graph":[{"@type":"WebPage","@id":"https:\/\/www.reabilite-se.com\/site\/servicos\/fisioterapia-traumato-ortopedica\/","url":"https:\/\/www.reabilite-se.com\/site\/servicos\/fisioterapia-traumato-ortopedica\/","name":"Fisioterapia Traumato-Ortop\u00e9dica - Reabilite-se Fisioterapia","isPartOf":{"@id":"https:\/\/www.reabilite-se.com\/site\/#website"},"datePublished":"2023-01-27T22:32:31+00:00","dateModified":"2024-07-26T17:06:42+00:00","breadcrumb":{"@id":"https:\/\/www.reabilite-se.com\/site\/servicos\/fisioterapia-traumato-ortopedica\/#breadcrumb"},"inLanguage":"pt-BR","potentialAction":[{"@type":"ReadAction","target":["https:\/\/www.reabilite-se.com\/site\/servicos\/fisioterapia-traumato-ortopedica\/"]}]},{"@type":"BreadcrumbList","@id":"https:\/\/www.reabilite-se.com\/site\/servicos\/fisioterapia-traumato-ortopedica\/#breadcrumb","itemListElement":[{"@type":"ListItem","position":1,"name":"In\u00edcio","item":"https:\/\/www.reabilite-se.com\/site\/"},{"@type":"ListItem","position":2,"name":"Servi\u00e7os Oferecidos","item":"https:\/\/www.reabilite-se.com\/site\/servicos\/"},{"@type":"ListItem","position":3,"name":"Fisioterapia Traumato-Ortop\u00e9dica"}]},{"@type":"WebSite","@id":"https:\/\/www.reabilite-se.com\/site\/#website","url":"https:\/\/www.reabilite-se.com\/site\/","name":"Reabilite-se Fisioterapia","description":"Consult\u00f3rio de Fisioterapia em Caxias do Sul","potentialAction":[{"@type":"SearchAction","target":{"@type":"EntryPoint","urlTemplate":"https:\/\/www.reabilite-se.com\/site\/?s={search_term_string}"},"query-input":"required name=search_term_string"}],"inLanguage":"pt-BR"}]}},"_links":{"self":[{"href":"https:\/\/www.reabilite-se.com\/site\/wp-json\/wp\/v2\/pages\/1174"}],"collection":[{"href":"https:\/\/www.reabilite-se.com\/site\/wp-json\/wp\/v2\/pages"}],"about":[{"href":"https:\/\/www.reabilite-se.com\/site\/wp-json\/wp\/v2\/types\/page"}],"author":[{"embeddable":true,"href":"https:\/\/www.reabilite-se.com\/site\/wp-json\/wp\/v2\/users\/1"}],"replies":[{"embeddable":true,"href":"https:\/\/www.reabilite-se.com\/site\/wp-json\/wp\/v2\/comments?post=1174"}],"version-history":[{"count":16,"href":"https:\/\/www.reabilite-se.com\/site\/wp-json\/wp\/v2\/pages\/1174\/revisions"}],"predecessor-version":[{"id":1303,"href":"https:\/\/www.reabilite-se.com\/site\/wp-json\/wp\/v2\/pages\/1174\/revisions\/1303"}],"up":[{"embeddable":true,"href":"https:\/\/www.reabilite-se.com\/site\/wp-json\/wp\/v2\/pages\/9"}],"wp:attachment":[{"href":"https:\/\/www.reabilite-se.com\/site\/wp-json\/wp\/v2\/media?parent=1174"}],"curies":[{"name":"wp","href":"https:\/\/api.w.org\/{rel}","templated":true}]}}